{"id":1197,"date":"2025-03-21T13:17:41","date_gmt":"2025-03-21T13:17:41","guid":{"rendered":"https:\/\/salvatoren20.sg-host.com\/?page_id=1197"},"modified":"2025-04-29T22:55:56","modified_gmt":"2025-04-29T22:55:56","slug":"tenuta-lariosa","status":"publish","type":"page","link":"https:\/\/altanatura.be\/it\/vini\/tenuta-lariosa\/","title":{"rendered":"Tenuta l&#8217;Ariosa"},"content":{"rendered":"\t\t<div data-elementor-type=\"wp-page\" data-elementor-id=\"1197\" class=\"elementor elementor-1197\" data-elementor-post-type=\"page\">\n\t\t\t\t<div class=\"elementor-element elementor-element-0a7cf83 e-con-full e-flex e-con e-parent\" data-id=\"0a7cf83\" data-element_type=\"container\" data-settings=\"{&quot;background_background&quot;:&quot;classic&quot;}\">\n\t\t\t\t<\/div>\n\t\t<div class=\"elementor-element elementor-element-a2c8f6b e-flex e-con-boxed e-con e-parent\" data-id=\"a2c8f6b\" data-element_type=\"container\">\n\t\t\t\t\t<div class=\"e-con-inner\">\n\t\t<div class=\"elementor-element elementor-element-5fedb43 e-con-full e-flex e-con e-child\" data-id=\"5fedb43\" data-element_type=\"container\">\n\t\t<div class=\"elementor-element elementor-element-e5f11b7 e-con-full e-flex e-con e-child\" data-id=\"e5f11b7\" data-element_type=\"container\">\n\t\t\t\t<div class=\"elementor-element elementor-element-cf62461 elementor-widget-mobile__width-initial elementor-widget elementor-widget-image\" data-id=\"cf62461\" data-element_type=\"widget\" data-widget_type=\"image.default\">\n\t\t\t\t<div class=\"elementor-widget-container\">\n\t\t\t\t\t\t\t\t\t\t\t\t\t\t\t<img fetchpriority=\"high\" decoding=\"async\" width=\"800\" height=\"1005\" src=\"https:\/\/altanatura.be\/wp-content\/uploads\/2025\/04\/Immagine-WhatsApp-2025-04-15-ore-09.05.27_50032a6a-815x1024.jpg\" class=\"attachment-large size-large wp-image-5926\" alt=\"\" srcset=\"https:\/\/altanatura.be\/wp-content\/uploads\/2025\/04\/Immagine-WhatsApp-2025-04-15-ore-09.05.27_50032a6a-815x1024.jpg 815w, https:\/\/altanatura.be\/wp-content\/uploads\/2025\/04\/Immagine-WhatsApp-2025-04-15-ore-09.05.27_50032a6a-500x628.jpg 500w, https:\/\/altanatura.be\/wp-content\/uploads\/2025\/04\/Immagine-WhatsApp-2025-04-15-ore-09.05.27_50032a6a-239x300.jpg 239w, https:\/\/altanatura.be\/wp-content\/uploads\/2025\/04\/Immagine-WhatsApp-2025-04-15-ore-09.05.27_50032a6a-768x965.jpg 768w, https:\/\/altanatura.be\/wp-content\/uploads\/2025\/04\/Immagine-WhatsApp-2025-04-15-ore-09.05.27_50032a6a.jpg 1034w\" sizes=\"(max-width: 800px) 100vw, 800px\" \/>\t\t\t\t\t\t\t\t\t\t\t\t\t\t\t<\/div>\n\t\t\t\t<\/div>\n\t\t\t\t<\/div>\n\t\t<div class=\"elementor-element elementor-element-dd1259f e-con-full e-flex e-con e-child\" data-id=\"dd1259f\" data-element_type=\"container\">\n\t\t\t\t<div class=\"elementor-element elementor-element-7b08af3 elementor-widget elementor-widget-hfe-breadcrumbs-widget\" data-id=\"7b08af3\" data-element_type=\"widget\" data-widget_type=\"hfe-breadcrumbs-widget.default\">\n\t\t\t\t<div class=\"elementor-widget-container\">\n\t\t\t\t\t<nav aria-label=\"Breadcrumb\"><ul class=\"hfe-breadcrumbs hfe-breadcrumbs-show-home\"><li class=\"hfe-breadcrumbs-item hfe-breadcrumbs-first\"><span class=\"hfe-breadcrumbs-home-icon\"><svg aria-hidden=\"true\" class=\"e-font-icon-svg e-fas-home\" viewBox=\"0 0 576 512\" xmlns=\"http:\/\/www.w3.org\/2000\/svg\"><path d=\"M280.37 148.26L96 300.11V464a16 16 0 0 0 16 16l112.06-.29a16 16 0 0 0 15.92-16V368a16 16 0 0 1 16-16h64a16 16 0 0 1 16 16v95.64a16 16 0 0 0 16 16.05L464 480a16 16 0 0 0 16-16V300L295.67 148.26a12.19 12.19 0 0 0-15.3 0zM571.6 251.47L488 182.56V44.05a12 12 0 0 0-12-12h-56a12 12 0 0 0-12 12v72.61L318.47 43a48 48 0 0 0-61 0L4.34 251.47a12 12 0 0 0-1.6 16.9l25.5 31A12 12 0 0 0 45.15 301l235.22-193.74a12.19 12.19 0 0 1 15.3 0L530.9 301a12 12 0 0 0 16.9-1.6l25.5-31a12 12 0 0 0-1.7-16.93z\"><\/path><\/svg><\/span><a href=\"https:\/\/altanatura.be\/it\/\"><span class=\"hfe-breadcrumbs-text\">Home<\/span><\/a><\/li><\/ul><\/nav>\t\t\t\t<\/div>\n\t\t\t\t<\/div>\n\t\t\t\t<div class=\"elementor-element elementor-element-45896dc elementor-widget elementor-widget-heading\" data-id=\"45896dc\" data-element_type=\"widget\" data-widget_type=\"heading.default\">\n\t\t\t\t<div class=\"elementor-widget-container\">\n\t\t\t\t\t<h2 class=\"elementor-heading-title elementor-size-default\">Vini Tenuta l'Ariosa<\/h2>\t\t\t\t<\/div>\n\t\t\t\t<\/div>\n\t\t\t\t<div class=\"elementor-element elementor-element-d1d6f9d elementor-widget elementor-widget-text-editor\" data-id=\"d1d6f9d\" data-element_type=\"widget\" data-widget_type=\"text-editor.default\">\n\t\t\t\t<div class=\"elementor-widget-container\">\n\t\t\t\t\t\t\t\t\t<article class=\"group\/turn w-full text-token-text-primary focus-visible:outline-2 focus-visible:outline-offset-[-4px]\" dir=\"auto\" tabindex=\"-1\" data-testid=\"conversation-turn-2\" data-scroll-anchor=\"true\"><div class=\"text-base my-auto mx-auto py-[18px] px-6\"><div class=\"mx-auto flex flex-1 text-base gap-4 md:gap-5 lg:gap-6 md:max-w-3xl lg:max-w-[40rem] xl:max-w-[48rem]\"><div class=\"group\/conversation-turn relative flex w-full min-w-0 flex-col agent-turn @xs\/thread:px-0 @sm\/thread:px-1.5 @md\/thread:px-4\"><div class=\"flex-col gap-1 md:gap-3\"><div class=\"flex max-w-full flex-col flex-grow\"><div class=\"min-h-8 text-message relative flex w-full flex-col items-end gap-2 whitespace-normal break-words text-start [.text-message+&amp;]:mt-5\" dir=\"auto\" data-message-author-role=\"assistant\" data-message-id=\"dfb1d65a-4e65-43a2-a9cd-8b43990b2bd6\" data-message-model-slug=\"o3-mini\"><div class=\"flex w-full flex-col gap-1 empty:hidden first:pt-[3px]\"><div class=\"markdown prose w-full break-words dark:prose-invert dark\"><p data-start=\"0\" data-end=\"473\" data-is-last-node=\"\" data-is-only-node=\"\">Proteggere e valorizzare le antiche tradizioni, con l\u2019uso giudizioso dei frutti della propria terra. \u00c8 in questo spirito, quasi cento anni fa, che la famiglia Rau cre\u00f2 il primo laboratorio artigianale per la preparazione di liquori tipici: \u00e8 l&#8217;inizio di una grande storia, che dura ancora oggi. La storia e la tradizione dell\u2019azienda dei fratelli RAU iniziarono nel 1926.<\/p><\/div><\/div><\/div><\/div><\/div><\/div><\/div><\/div><\/article>\t\t\t\t\t\t\t\t<\/div>\n\t\t\t\t<\/div>\n\t\t\t\t<\/div>\n\t\t\t\t<\/div>\n\t\t\t\t\t<\/div>\n\t\t\t\t<\/div>\n\t\t<div class=\"elementor-element elementor-element-3e06678 e-flex e-con-boxed e-con e-parent\" data-id=\"3e06678\" data-element_type=\"container\">\n\t\t\t\t\t<div class=\"e-con-inner\">\n\t\t\t\t<div class=\"elementor-element elementor-element-7c519ea elementor-widget elementor-widget-heading\" data-id=\"7c519ea\" data-element_type=\"widget\" data-widget_type=\"heading.default\">\n\t\t\t\t<div class=\"elementor-widget-container\">\n\t\t\t\t\t<h2 class=\"elementor-heading-title elementor-size-default\">Vini Rossi<\/h2>\t\t\t\t<\/div>\n\t\t\t\t<\/div>\n\t\t\t\t<div class=\"elementor-element elementor-element-53ad044 elementor-grid-3 elementor-product-loop-item--align-center elementor-widget__width-initial elementor-grid-mobile-2 widget-nascosto-prezzo elementor-grid-tablet-3 elementor-products-grid elementor-wc-products elementor-widget elementor-widget-woocommerce-products\" data-id=\"53ad044\" data-element_type=\"widget\" data-widget_type=\"woocommerce-products.default\">\n\t\t\t\t<div class=\"elementor-widget-container\">\n\t\t\t\t\t<div class=\"woocommerce columns-3 \"><ul class=\"products elementor-grid columns-3\">\n<li class=\"product type-product post-10750 status-publish first instock product_cat-vini product_cat-vino-rosso has-post-thumbnail taxable shipping-taxable purchasable product-type-simple\">\n\t<a href=\"https:\/\/altanatura.be\/it\/shop\/pedrastella-tenuta-lariosa-vini-rossi-a-bruxelles\/\" class=\"woocommerce-LoopProduct-link woocommerce-loop-product__link\"><img decoding=\"async\" width=\"1080\" height=\"1080\" src=\"https:\/\/altanatura.be\/wp-content\/uploads\/2025\/07\/Pedrastella-IGT_vino_rosso.png\" class=\"attachment-woocommerce_thumbnail size-woocommerce_thumbnail\" alt=\"Pedrastella - Tenuta l&#039;Ariosa\" srcset=\"https:\/\/altanatura.be\/wp-content\/uploads\/2025\/07\/Pedrastella-IGT_vino_rosso.png 1080w, https:\/\/altanatura.be\/wp-content\/uploads\/2025\/07\/Pedrastella-IGT_vino_rosso-300x300.png 300w, https:\/\/altanatura.be\/wp-content\/uploads\/2025\/07\/Pedrastella-IGT_vino_rosso-1024x1024.png 1024w, https:\/\/altanatura.be\/wp-content\/uploads\/2025\/07\/Pedrastella-IGT_vino_rosso-150x150.png 150w, https:\/\/altanatura.be\/wp-content\/uploads\/2025\/07\/Pedrastella-IGT_vino_rosso-768x768.png 768w, https:\/\/altanatura.be\/wp-content\/uploads\/2025\/07\/Pedrastella-IGT_vino_rosso-100x100.png 100w\" sizes=\"(max-width: 1080px) 100vw, 1080px\" \/><h2 class=\"woocommerce-loop-product__title\">Pedrastella &#8211; Tenuta l&#8217;Ariosa<\/h2>\n\t<span class=\"price\"><span class=\"woocommerce-Price-amount amount\"><bdi><span class=\"woocommerce-Price-currencySymbol\">&euro;<\/span>&nbsp;16,70<\/bdi><\/span><\/span>\n<\/a><a href=\"\/it\/wp-json\/wp\/v2\/pages\/1197?add-to-cart=10750\" aria-describedby=\"woocommerce_loop_add_to_cart_link_describedby_10750\" data-quantity=\"1\" class=\"button product_type_simple add_to_cart_button ajax_add_to_cart\" data-product_id=\"10750\" data-product_sku=\"\" aria-label=\"Aggiungi al carrello: &quot;Pedrastella - Tenuta l&#039;Ariosa&quot;\" rel=\"nofollow\" data-success_message=\"&quot;Pedrastella - Tenuta l&#039;Ariosa&quot; \u00e8 stato aggiunto al tuo carrello\" role=\"button\">Aggiungi al carrello<\/a>\t<span id=\"woocommerce_loop_add_to_cart_link_describedby_10750\" class=\"screen-reader-text\">\n\t\t\t<\/span>\n<\/li>\n<li class=\"product type-product post-10734 status-publish instock product_cat-vini product_cat-vino-rosso has-post-thumbnail taxable shipping-taxable purchasable product-type-simple\">\n\t<a href=\"https:\/\/altanatura.be\/it\/shop\/llunes-cannonau-riserva-tenuta-lariosa-vino-rosso-bruxelles\/\" class=\"woocommerce-LoopProduct-link woocommerce-loop-product__link\"><img decoding=\"async\" width=\"1080\" height=\"1080\" src=\"https:\/\/altanatura.be\/wp-content\/uploads\/2025\/07\/Llunes_cannonau_riserva_vino_rosso.jpg\" class=\"attachment-woocommerce_thumbnail size-woocommerce_thumbnail\" alt=\"Llunes Cannonau Riserva - Tenuta l&#039;Ariosa\" srcset=\"https:\/\/altanatura.be\/wp-content\/uploads\/2025\/07\/Llunes_cannonau_riserva_vino_rosso.jpg 1080w, https:\/\/altanatura.be\/wp-content\/uploads\/2025\/07\/Llunes_cannonau_riserva_vino_rosso-300x300.jpg 300w, https:\/\/altanatura.be\/wp-content\/uploads\/2025\/07\/Llunes_cannonau_riserva_vino_rosso-1024x1024.jpg 1024w, https:\/\/altanatura.be\/wp-content\/uploads\/2025\/07\/Llunes_cannonau_riserva_vino_rosso-150x150.jpg 150w, https:\/\/altanatura.be\/wp-content\/uploads\/2025\/07\/Llunes_cannonau_riserva_vino_rosso-768x768.jpg 768w, https:\/\/altanatura.be\/wp-content\/uploads\/2025\/07\/Llunes_cannonau_riserva_vino_rosso-100x100.jpg 100w\" sizes=\"(max-width: 1080px) 100vw, 1080px\" \/><h2 class=\"woocommerce-loop-product__title\">Llunes Cannonau Riserva &#8211; Tenuta l&#8217;Ariosa<\/h2>\n\t<span class=\"price\"><span class=\"woocommerce-Price-amount amount\"><bdi><span class=\"woocommerce-Price-currencySymbol\">&euro;<\/span>&nbsp;16,90<\/bdi><\/span><\/span>\n<\/a><a href=\"\/it\/wp-json\/wp\/v2\/pages\/1197?add-to-cart=10734\" aria-describedby=\"woocommerce_loop_add_to_cart_link_describedby_10734\" data-quantity=\"1\" class=\"button product_type_simple add_to_cart_button ajax_add_to_cart\" data-product_id=\"10734\" data-product_sku=\"\" aria-label=\"Aggiungi al carrello: &quot;Llunes Cannonau Riserva - Tenuta l&#039;Ariosa&quot;\" rel=\"nofollow\" data-success_message=\"&quot;Llunes Cannonau Riserva - Tenuta l&#039;Ariosa&quot; \u00e8 stato aggiunto al tuo carrello\" role=\"button\">Aggiungi al carrello<\/a>\t<span id=\"woocommerce_loop_add_to_cart_link_describedby_10734\" class=\"screen-reader-text\">\n\t\t\t<\/span>\n<\/li>\n<li class=\"product type-product post-1639 status-publish last instock product_cat-vini product_cat-vino-rosso has-post-thumbnail taxable shipping-taxable purchasable product-type-simple\">\n\t<a href=\"https:\/\/altanatura.be\/it\/shop\/assolo-tenuta-lariosa\/\" class=\"woocommerce-LoopProduct-link woocommerce-loop-product__link\"><img loading=\"lazy\" decoding=\"async\" width=\"1080\" height=\"1080\" src=\"https:\/\/altanatura.be\/wp-content\/uploads\/2025\/03\/ASSOLO.png\" class=\"attachment-woocommerce_thumbnail size-woocommerce_thumbnail\" alt=\"Assolo - Tenuta l&#039;Ariosa\" srcset=\"https:\/\/altanatura.be\/wp-content\/uploads\/2025\/03\/ASSOLO.png 1080w, https:\/\/altanatura.be\/wp-content\/uploads\/2025\/03\/ASSOLO-100x100.png 100w, https:\/\/altanatura.be\/wp-content\/uploads\/2025\/03\/ASSOLO-300x300.png 300w, https:\/\/altanatura.be\/wp-content\/uploads\/2025\/03\/ASSOLO-1024x1024.png 1024w, https:\/\/altanatura.be\/wp-content\/uploads\/2025\/03\/ASSOLO-150x150.png 150w, https:\/\/altanatura.be\/wp-content\/uploads\/2025\/03\/ASSOLO-768x768.png 768w, https:\/\/altanatura.be\/wp-content\/uploads\/2025\/03\/ASSOLO-700x700.png 700w, https:\/\/altanatura.be\/wp-content\/uploads\/2025\/03\/ASSOLO-600x600.png 600w\" sizes=\"(max-width: 1080px) 100vw, 1080px\" \/><h2 class=\"woocommerce-loop-product__title\">Assolo &#8211; Tenuta l&#8217;Ariosa<\/h2>\n\t<span class=\"price\"><span class=\"woocommerce-Price-amount amount\"><bdi><span class=\"woocommerce-Price-currencySymbol\">&euro;<\/span>&nbsp;28,90<\/bdi><\/span><\/span>\n<\/a><a href=\"\/it\/wp-json\/wp\/v2\/pages\/1197?add-to-cart=1639\" aria-describedby=\"woocommerce_loop_add_to_cart_link_describedby_1639\" data-quantity=\"1\" class=\"button product_type_simple add_to_cart_button ajax_add_to_cart\" data-product_id=\"1639\" data-product_sku=\"\" aria-label=\"Aggiungi al carrello: &quot;Assolo - Tenuta l&#039;Ariosa&quot;\" rel=\"nofollow\" data-success_message=\"&quot;Assolo - Tenuta l&#039;Ariosa&quot; \u00e8 stato aggiunto al tuo carrello\" role=\"button\">Aggiungi al carrello<\/a>\t<span id=\"woocommerce_loop_add_to_cart_link_describedby_1639\" class=\"screen-reader-text\">\n\t\t\t<\/span>\n<\/li>\n<li class=\"product type-product post-552 status-publish first instock product_cat-vini product_cat-vino-rosso has-post-thumbnail taxable shipping-taxable purchasable product-type-simple\">\n\t<a href=\"https:\/\/altanatura.be\/it\/shop\/cannonau-riserva-tenuta-lariosa-vino-rosso-bruxelles\/\" class=\"woocommerce-LoopProduct-link woocommerce-loop-product__link\"><img loading=\"lazy\" decoding=\"async\" width=\"1080\" height=\"1080\" src=\"https:\/\/altanatura.be\/wp-content\/uploads\/2025\/02\/CANNONAU-RISERVA.png\" class=\"attachment-woocommerce_thumbnail size-woocommerce_thumbnail\" alt=\"Cannonau Riserva - Tenuta l&#039;Ariosa\" srcset=\"https:\/\/altanatura.be\/wp-content\/uploads\/2025\/02\/CANNONAU-RISERVA.png 1080w, https:\/\/altanatura.be\/wp-content\/uploads\/2025\/02\/CANNONAU-RISERVA-100x100.png 100w, https:\/\/altanatura.be\/wp-content\/uploads\/2025\/02\/CANNONAU-RISERVA-300x300.png 300w, https:\/\/altanatura.be\/wp-content\/uploads\/2025\/02\/CANNONAU-RISERVA-1024x1024.png 1024w, https:\/\/altanatura.be\/wp-content\/uploads\/2025\/02\/CANNONAU-RISERVA-150x150.png 150w, https:\/\/altanatura.be\/wp-content\/uploads\/2025\/02\/CANNONAU-RISERVA-768x768.png 768w, https:\/\/altanatura.be\/wp-content\/uploads\/2025\/02\/CANNONAU-RISERVA-600x600.png 600w\" sizes=\"(max-width: 1080px) 100vw, 1080px\" \/><h2 class=\"woocommerce-loop-product__title\">Cannonau Riserva &#8211; Tenuta l&#8217;Ariosa<\/h2>\n\t<span class=\"price\"><span class=\"woocommerce-Price-amount amount\"><bdi><span class=\"woocommerce-Price-currencySymbol\">&euro;<\/span>&nbsp;14,90<\/bdi><\/span><\/span>\n<\/a><a href=\"\/it\/wp-json\/wp\/v2\/pages\/1197?add-to-cart=552\" aria-describedby=\"woocommerce_loop_add_to_cart_link_describedby_552\" data-quantity=\"1\" class=\"button product_type_simple add_to_cart_button ajax_add_to_cart\" data-product_id=\"552\" data-product_sku=\"\" aria-label=\"Aggiungi al carrello: &quot;Cannonau Riserva - Tenuta l&#039;Ariosa&quot;\" rel=\"nofollow\" data-success_message=\"&quot;Cannonau Riserva - Tenuta l&#039;Ariosa&quot; \u00e8 stato aggiunto al tuo carrello\" role=\"button\">Aggiungi al carrello<\/a>\t<span id=\"woocommerce_loop_add_to_cart_link_describedby_552\" class=\"screen-reader-text\">\n\t\t\t<\/span>\n<\/li>\n<li class=\"product type-product post-502 status-publish instock product_cat-vini product_cat-vino-rosso has-post-thumbnail taxable shipping-taxable purchasable product-type-simple\">\n\t<a href=\"https:\/\/altanatura.be\/it\/shop\/cannonau-tenuta-lariosa-vino-rosso-bruxelles\/\" class=\"woocommerce-LoopProduct-link woocommerce-loop-product__link\"><img loading=\"lazy\" decoding=\"async\" width=\"1080\" height=\"1080\" src=\"https:\/\/altanatura.be\/wp-content\/uploads\/2025\/02\/CANNONAU.png\" class=\"attachment-woocommerce_thumbnail size-woocommerce_thumbnail\" alt=\"Cannonau - Tenuta l&#039;Ariosa\" srcset=\"https:\/\/altanatura.be\/wp-content\/uploads\/2025\/02\/CANNONAU.png 1080w, https:\/\/altanatura.be\/wp-content\/uploads\/2025\/02\/CANNONAU-100x100.png 100w, https:\/\/altanatura.be\/wp-content\/uploads\/2025\/02\/CANNONAU-300x300.png 300w, https:\/\/altanatura.be\/wp-content\/uploads\/2025\/02\/CANNONAU-1024x1024.png 1024w, https:\/\/altanatura.be\/wp-content\/uploads\/2025\/02\/CANNONAU-150x150.png 150w, https:\/\/altanatura.be\/wp-content\/uploads\/2025\/02\/CANNONAU-768x768.png 768w, https:\/\/altanatura.be\/wp-content\/uploads\/2025\/02\/CANNONAU-600x600.png 600w\" sizes=\"(max-width: 1080px) 100vw, 1080px\" \/><h2 class=\"woocommerce-loop-product__title\">Cannonau &#8211; Tenuta l&#8217;Ariosa<\/h2>\n\t<span class=\"price\"><span class=\"woocommerce-Price-amount amount\"><bdi><span class=\"woocommerce-Price-currencySymbol\">&euro;<\/span>&nbsp;12,90<\/bdi><\/span><\/span>\n<\/a><a href=\"\/it\/wp-json\/wp\/v2\/pages\/1197?add-to-cart=502\" aria-describedby=\"woocommerce_loop_add_to_cart_link_describedby_502\" data-quantity=\"1\" class=\"button product_type_simple add_to_cart_button ajax_add_to_cart\" data-product_id=\"502\" data-product_sku=\"\" aria-label=\"Aggiungi al carrello: &quot;Cannonau - Tenuta l&#039;Ariosa&quot;\" rel=\"nofollow\" data-success_message=\"&quot;Cannonau - Tenuta l&#039;Ariosa&quot; \u00e8 stato aggiunto al tuo carrello\" role=\"button\">Aggiungi al carrello<\/a>\t<span id=\"woocommerce_loop_add_to_cart_link_describedby_502\" class=\"screen-reader-text\">\n\t\t\t<\/span>\n<\/li>\n<\/ul>\n<\/div>\t\t\t\t<\/div>\n\t\t\t\t<\/div>\n\t\t\t\t<div class=\"elementor-element elementor-element-3916aa9 elementor-widget elementor-widget-heading\" data-id=\"3916aa9\" data-element_type=\"widget\" data-widget_type=\"heading.default\">\n\t\t\t\t<div class=\"elementor-widget-container\">\n\t\t\t\t\t<h2 class=\"elementor-heading-title elementor-size-default\">Vini Bianchi<\/h2>\t\t\t\t<\/div>\n\t\t\t\t<\/div>\n\t\t\t\t<div class=\"elementor-element elementor-element-93306c9 elementor-widget elementor-widget-menu-anchor\" data-id=\"93306c9\" data-element_type=\"widget\" data-widget_type=\"menu-anchor.default\">\n\t\t\t\t<div class=\"elementor-widget-container\">\n\t\t\t\t\t\t\t<div class=\"elementor-menu-anchor\" id=\"vini-bianchi\"><\/div>\n\t\t\t\t\t\t<\/div>\n\t\t\t\t<\/div>\n\t\t\t\t<div class=\"elementor-element elementor-element-219f12d elementor-grid-3 elementor-product-loop-item--align-center elementor-widget__width-initial elementor-grid-mobile-2 widget-nascosto-prezzo elementor-grid-tablet-3 elementor-products-grid elementor-wc-products elementor-widget elementor-widget-woocommerce-products\" data-id=\"219f12d\" data-element_type=\"widget\" data-widget_type=\"woocommerce-products.default\">\n\t\t\t\t<div class=\"elementor-widget-container\">\n\t\t\t\t\t<div class=\"woocommerce columns-3 \"><ul class=\"products elementor-grid columns-3\">\n<li class=\"product type-product post-10718 status-publish first instock product_cat-vini product_cat-vino-bianco has-post-thumbnail taxable shipping-taxable purchasable product-type-simple\">\n\t<a href=\"https:\/\/altanatura.be\/it\/shop\/albalena-tenuta-lariosa-vino-bianco-bruxelles\/\" class=\"woocommerce-LoopProduct-link woocommerce-loop-product__link\"><img loading=\"lazy\" decoding=\"async\" width=\"1080\" height=\"1080\" src=\"https:\/\/altanatura.be\/wp-content\/uploads\/2025\/07\/Albalena_vino_bianco.png\" class=\"attachment-woocommerce_thumbnail size-woocommerce_thumbnail\" alt=\"Albalena - Tenuta l&#039;Ariosa\" srcset=\"https:\/\/altanatura.be\/wp-content\/uploads\/2025\/07\/Albalena_vino_bianco.png 1080w, https:\/\/altanatura.be\/wp-content\/uploads\/2025\/07\/Albalena_vino_bianco-300x300.png 300w, https:\/\/altanatura.be\/wp-content\/uploads\/2025\/07\/Albalena_vino_bianco-1024x1024.png 1024w, https:\/\/altanatura.be\/wp-content\/uploads\/2025\/07\/Albalena_vino_bianco-150x150.png 150w, https:\/\/altanatura.be\/wp-content\/uploads\/2025\/07\/Albalena_vino_bianco-768x768.png 768w, https:\/\/altanatura.be\/wp-content\/uploads\/2025\/07\/Albalena_vino_bianco-100x100.png 100w\" sizes=\"(max-width: 1080px) 100vw, 1080px\" \/><h2 class=\"woocommerce-loop-product__title\">Albalena &#8211; Tenuta l&#8217;Ariosa<\/h2>\n\t<span class=\"price\"><span class=\"woocommerce-Price-amount amount\"><bdi><span class=\"woocommerce-Price-currencySymbol\">&euro;<\/span>&nbsp;12,65<\/bdi><\/span><\/span>\n<\/a><a href=\"\/it\/wp-json\/wp\/v2\/pages\/1197?add-to-cart=10718\" aria-describedby=\"woocommerce_loop_add_to_cart_link_describedby_10718\" data-quantity=\"1\" class=\"button product_type_simple add_to_cart_button ajax_add_to_cart\" data-product_id=\"10718\" data-product_sku=\"\" aria-label=\"Aggiungi al carrello: &quot;Albalena - Tenuta l&#039;Ariosa&quot;\" rel=\"nofollow\" data-success_message=\"&quot;Albalena - Tenuta l&#039;Ariosa&quot; \u00e8 stato aggiunto al tuo carrello\" role=\"button\">Aggiungi al carrello<\/a>\t<span id=\"woocommerce_loop_add_to_cart_link_describedby_10718\" class=\"screen-reader-text\">\n\t\t\t<\/span>\n<\/li>\n<li class=\"product type-product post-1067 status-publish instock product_cat-vini product_cat-vino-bianco has-post-thumbnail taxable shipping-taxable purchasable product-type-simple\">\n\t<a href=\"https:\/\/altanatura.be\/it\/shop\/vermentino-tenuta-lariosa-vino-bianco-bruxelles\/\" class=\"woocommerce-LoopProduct-link woocommerce-loop-product__link\"><img loading=\"lazy\" decoding=\"async\" width=\"1080\" height=\"1080\" src=\"https:\/\/altanatura.be\/wp-content\/uploads\/2025\/03\/VERMENTINO.png\" class=\"attachment-woocommerce_thumbnail size-woocommerce_thumbnail\" alt=\"Vermentino - Tenuta l&#039;Ariosa\" srcset=\"https:\/\/altanatura.be\/wp-content\/uploads\/2025\/03\/VERMENTINO.png 1080w, https:\/\/altanatura.be\/wp-content\/uploads\/2025\/03\/VERMENTINO-100x100.png 100w, https:\/\/altanatura.be\/wp-content\/uploads\/2025\/03\/VERMENTINO-300x300.png 300w, https:\/\/altanatura.be\/wp-content\/uploads\/2025\/03\/VERMENTINO-1024x1024.png 1024w, https:\/\/altanatura.be\/wp-content\/uploads\/2025\/03\/VERMENTINO-150x150.png 150w, https:\/\/altanatura.be\/wp-content\/uploads\/2025\/03\/VERMENTINO-768x768.png 768w, https:\/\/altanatura.be\/wp-content\/uploads\/2025\/03\/VERMENTINO-600x600.png 600w\" sizes=\"(max-width: 1080px) 100vw, 1080px\" \/><h2 class=\"woocommerce-loop-product__title\">Vermentino &#8211; Tenuta l&#8217;Ariosa<\/h2>\n\t<span class=\"price\"><span class=\"woocommerce-Price-amount amount\"><bdi><span class=\"woocommerce-Price-currencySymbol\">&euro;<\/span>&nbsp;12,50<\/bdi><\/span><\/span>\n<\/a><a href=\"\/it\/wp-json\/wp\/v2\/pages\/1197?add-to-cart=1067\" aria-describedby=\"woocommerce_loop_add_to_cart_link_describedby_1067\" data-quantity=\"1\" class=\"button product_type_simple add_to_cart_button ajax_add_to_cart\" data-product_id=\"1067\" data-product_sku=\"\" aria-label=\"Aggiungi al carrello: &quot;Vermentino - Tenuta l&#039;Ariosa&quot;\" rel=\"nofollow\" data-success_message=\"&quot;Vermentino - Tenuta l&#039;Ariosa&quot; \u00e8 stato aggiunto al tuo carrello\" role=\"button\">Aggiungi al carrello<\/a>\t<span id=\"woocommerce_loop_add_to_cart_link_describedby_1067\" class=\"screen-reader-text\">\n\t\t\t<\/span>\n<\/li>\n<\/ul>\n<\/div>\t\t\t\t<\/div>\n\t\t\t\t<\/div>\n\t\t\t\t\t<\/div>\n\t\t\t\t<\/div>\n\t\t\t\t<\/div>\n\t\t","protected":false},"excerpt":{"rendered":"<p>Home Vini Tenuta l&#8217;Ariosa Proteggere e valorizzare le antiche tradizioni, con l\u2019uso giudizioso dei frutti della propria terra. \u00c8 in questo spirito, quasi cento anni fa, che la famiglia Rau cre\u00f2 il primo laboratorio artigianale per la preparazione di liquori tipici: \u00e8 l&#8217;inizio di una grande storia, che dura ancora oggi. La storia e la [&hellip;]<\/p>\n","protected":false},"author":1,"featured_media":0,"parent":2148,"menu_order":0,"comment_status":"closed","ping_status":"closed","template":"elementor_header_footer","meta":{"_acf_changed":false,"footnotes":""},"class_list":["post-1197","page","type-page","status-publish","hentry"],"acf":[],"aioseo_notices":[],"_links":{"self":[{"href":"https:\/\/altanatura.be\/it\/wp-json\/wp\/v2\/pages\/1197","targetHints":{"allow":["GET"]}}],"collection":[{"href":"https:\/\/altanatura.be\/it\/wp-json\/wp\/v2\/pages"}],"about":[{"href":"https:\/\/altanatura.be\/it\/wp-json\/wp\/v2\/types\/page"}],"author":[{"embeddable":true,"href":"https:\/\/altanatura.be\/it\/wp-json\/wp\/v2\/users\/1"}],"replies":[{"embeddable":true,"href":"https:\/\/altanatura.be\/it\/wp-json\/wp\/v2\/comments?post=1197"}],"version-history":[{"count":1,"href":"https:\/\/altanatura.be\/it\/wp-json\/wp\/v2\/pages\/1197\/revisions"}],"predecessor-version":[{"id":6894,"href":"https:\/\/altanatura.be\/it\/wp-json\/wp\/v2\/pages\/1197\/revisions\/6894"}],"up":[{"embeddable":true,"href":"https:\/\/altanatura.be\/it\/wp-json\/wp\/v2\/pages\/2148"}],"wp:attachment":[{"href":"https:\/\/altanatura.be\/it\/wp-json\/wp\/v2\/media?parent=1197"}],"curies":[{"name":"wp","href":"https:\/\/api.w.org\/{rel}","templated":true}]}}