{"id":12127,"date":"2025-07-19T20:40:26","date_gmt":"2025-07-19T20:40:26","guid":{"rendered":"https:\/\/altanatura.be\/?post_type=product&#038;p=12127"},"modified":"2025-07-28T13:30:37","modified_gmt":"2025-07-28T13:30:37","slug":"grappa-invecchiato-rau","status":"publish","type":"product","link":"https:\/\/altanatura.be\/it\/shop\/grappa-invecchiato-rau\/","title":{"rendered":"Grappa Invecchiato &#8211; Rau"},"content":{"rendered":"\t\t<div data-elementor-type=\"product-post\" data-elementor-id=\"12127\" class=\"elementor elementor-12127\" data-elementor-post-type=\"product\">\n\t\t\t\t<div class=\"elementor-element elementor-element-334bd3c6 e-flex e-con-boxed e-con e-parent\" data-id=\"334bd3c6\" data-element_type=\"container\">\n\t\t\t\t\t<div class=\"e-con-inner\">\n\t\t\t\t<div class=\"elementor-element elementor-element-5eaf5cc elementor-widget elementor-widget-text-editor\" data-id=\"5eaf5cc\" data-element_type=\"widget\" data-widget_type=\"text-editor.default\">\n\t\t\t\t<div class=\"elementor-widget-container\">\n\t\t\t\t\t\t\t\t\t<div class=\"row\"><div class=\"col-xs-12 col-sm-12 col-md-12 paragraph_css block-1-large left title\"><article class=\"text-token-text-primary w-full\" dir=\"auto\" data-testid=\"conversation-turn-16\" data-scroll-anchor=\"true\"><div class=\"text-base my-auto mx-auto pb-10 [--thread-content-margin:--spacing(4)] @[37rem]:[--thread-content-margin:--spacing(6)] @[72rem]:[--thread-content-margin:--spacing(16)] px-(--thread-content-margin)\"><div class=\"[--thread-content-max-width:32rem] @[34rem]:[--thread-content-max-width:40rem] @[64rem]:[--thread-content-max-width:48rem] mx-auto flex max-w-(--thread-content-max-width) flex-1 text-base gap-4 md:gap-5 lg:gap-6 group\/turn-messages focus-visible:outline-hidden\" tabindex=\"-1\"><div class=\"group\/conversation-turn relative flex w-full min-w-0 flex-col agent-turn\"><div class=\"relative flex-col gap-1 md:gap-3\"><div class=\"flex max-w-full flex-col grow\"><div class=\"min-h-8 text-message relative flex w-full flex-col items-end gap-2 text-start break-words whitespace-normal [.text-message+&amp;]:mt-5\" dir=\"auto\" data-message-author-role=\"assistant\" data-message-id=\"b812fa82-7bea-494d-b0e4-b6ac308c4804\" data-message-model-slug=\"gpt-4o\"><div class=\"flex w-full flex-col gap-1 empty:hidden first:pt-[3px]\"><div class=\"markdown prose dark:prose-invert w-full break-words dark\"><p data-start=\"0\" data-end=\"489\" data-is-last-node=\"\" data-is-only-node=\"\"><strong data-start=\"0\" data-end=\"7\" data-is-only-node=\"\">Rau<\/strong> \u00e8 un marchio storico nato in Sardegna, specializzato nella produzione artigianale di liquori e distillati. Da oltre settant\u2019anni porta avanti una tradizione legata al territorio, utilizzando materie prime locali e metodi di lavorazione rispettosi della natura, come l\u2019infusione a freddo. Ogni prodotto racchiude l\u2019essenza autentica dell\u2019isola, esprimendo profumi intensi e sapori decisi. Rau \u00e8 sinonimo di qualit\u00e0, radici e passione per la Sardegna pi\u00f9 vera.<\/p><\/div><\/div><\/div><\/div><\/div><\/div><\/div><\/div><\/article><\/div><\/div>\t\t\t\t\t\t\t\t<\/div>\n\t\t\t\t<\/div>\n\t\t\t\t\t<\/div>\n\t\t\t\t<\/div>\n\t\t<div class=\"elementor-element elementor-element-009b712 e-flex e-con-boxed e-con e-parent\" data-id=\"009b712\" data-element_type=\"container\">\n\t\t\t\t\t<div class=\"e-con-inner\">\n\t\t<div class=\"elementor-element elementor-element-27205d0 e-con-full e-flex e-con e-child\" data-id=\"27205d0\" data-element_type=\"container\">\n\t\t<div class=\"elementor-element elementor-element-add4751 e-con-full e-flex e-con e-child\" data-id=\"add4751\" data-element_type=\"container\">\n\t\t<div class=\"elementor-element elementor-element-a4b92e5 e-con-full e-flex e-con e-child\" data-id=\"a4b92e5\" data-element_type=\"container\">\n\t\t<div class=\"elementor-element elementor-element-042a861 e-con-full e-flex e-con e-child\" data-id=\"042a861\" data-element_type=\"container\">\n\t\t<div class=\"elementor-element elementor-element-713171a e-con-full e-flex e-con e-child\" data-id=\"713171a\" data-element_type=\"container\">\n\t\t\t\t<div class=\"elementor-element elementor-element-c764f96 elementor-widget__width-initial elementor-widget elementor-widget-image\" data-id=\"c764f96\" data-element_type=\"widget\" data-widget_type=\"image.default\">\n\t\t\t\t<div class=\"elementor-widget-container\">\n\t\t\t\t\t\t\t\t\t\t\t\t\t\t\t<img fetchpriority=\"high\" width=\"800\" height=\"800\" src=\"https:\/\/altanatura.be\/wp-content\/uploads\/2025\/03\/Progetto-senza-titolo-4-1024x1024.png\" class=\"attachment-large size-large wp-image-3453\" alt=\"\" decoding=\"async\" srcset=\"https:\/\/altanatura.be\/wp-content\/uploads\/2025\/03\/Progetto-senza-titolo-4-1024x1024.png 1024w, https:\/\/altanatura.be\/wp-content\/uploads\/2025\/03\/Progetto-senza-titolo-4-100x100.png 100w, https:\/\/altanatura.be\/wp-content\/uploads\/2025\/03\/Progetto-senza-titolo-4-500x500.png 500w, https:\/\/altanatura.be\/wp-content\/uploads\/2025\/03\/Progetto-senza-titolo-4-300x300.png 300w, https:\/\/altanatura.be\/wp-content\/uploads\/2025\/03\/Progetto-senza-titolo-4-150x150.png 150w, https:\/\/altanatura.be\/wp-content\/uploads\/2025\/03\/Progetto-senza-titolo-4-768x768.png 768w, https:\/\/altanatura.be\/wp-content\/uploads\/2025\/03\/Progetto-senza-titolo-4.png 1080w\" sizes=\"(max-width: 800px) 100vw, 800px\" \/>\t\t\t\t\t\t\t\t\t\t\t\t\t\t\t<\/div>\n\t\t\t\t<\/div>\n\t\t\t\t<\/div>\n\t\t<div class=\"elementor-element elementor-element-afb6c63 e-con-full e-flex e-con e-child\" data-id=\"afb6c63\" data-element_type=\"container\">\n\t\t\t\t<div class=\"elementor-element elementor-element-eae0b70 elementor-widget elementor-widget-heading\" data-id=\"eae0b70\" data-element_type=\"widget\" data-widget_type=\"heading.default\">\n\t\t\t\t<div class=\"elementor-widget-container\">\n\t\t\t\t\t<h2 class=\"elementor-heading-title elementor-size-default\"><b>Regione<\/b>: Sardegna<\/h2>\t\t\t\t<\/div>\n\t\t\t\t<\/div>\n\t\t\t\t<\/div>\n\t\t\t\t<\/div>\n\t\t<div class=\"elementor-element elementor-element-df20853 e-con-full e-flex e-con e-child\" data-id=\"df20853\" data-element_type=\"container\">\n\t\t<div class=\"elementor-element elementor-element-c54b55d e-con-full e-flex e-con e-child\" data-id=\"c54b55d\" data-element_type=\"container\">\n\t\t\t\t<div class=\"elementor-element elementor-element-dbf9280 elementor-widget__width-initial elementor-widget elementor-widget-image\" data-id=\"dbf9280\" data-element_type=\"widget\" data-widget_type=\"image.default\">\n\t\t\t\t<div class=\"elementor-widget-container\">\n\t\t\t\t\t\t\t\t\t\t\t\t\t\t\t<img width=\"800\" height=\"800\" src=\"https:\/\/altanatura.be\/wp-content\/uploads\/2025\/07\/birra-1024x1024.png\" class=\"attachment-large size-large wp-image-11556\" alt=\"\" decoding=\"async\" srcset=\"https:\/\/altanatura.be\/wp-content\/uploads\/2025\/07\/birra-1024x1024.png 1024w, https:\/\/altanatura.be\/wp-content\/uploads\/2025\/07\/birra-300x300.png 300w, https:\/\/altanatura.be\/wp-content\/uploads\/2025\/07\/birra-150x150.png 150w, https:\/\/altanatura.be\/wp-content\/uploads\/2025\/07\/birra-768x768.png 768w, https:\/\/altanatura.be\/wp-content\/uploads\/2025\/07\/birra-100x100.png 100w, https:\/\/altanatura.be\/wp-content\/uploads\/2025\/07\/birra.png 1080w\" sizes=\"(max-width: 800px) 100vw, 800px\" \/>\t\t\t\t\t\t\t\t\t\t\t\t\t\t\t<\/div>\n\t\t\t\t<\/div>\n\t\t\t\t<\/div>\n\t\t<div class=\"elementor-element elementor-element-247ee47 e-con-full e-flex e-con e-child\" data-id=\"247ee47\" data-element_type=\"container\">\n\t\t\t\t<div class=\"elementor-element elementor-element-b50e429 elementor-widget elementor-widget-heading\" data-id=\"b50e429\" data-element_type=\"widget\" data-widget_type=\"heading.default\">\n\t\t\t\t<div class=\"elementor-widget-container\">\n\t\t\t\t\t<h2 class=\"elementor-heading-title elementor-size-default\"><b>Categoria<\/b>: Grappa<\/h2>\t\t\t\t<\/div>\n\t\t\t\t<\/div>\n\t\t\t\t<\/div>\n\t\t\t\t<\/div>\n\t\t<div class=\"elementor-element elementor-element-e6bb47c e-con-full e-flex e-con e-child\" data-id=\"e6bb47c\" data-element_type=\"container\">\n\t\t<div class=\"elementor-element elementor-element-58785ac e-con-full e-flex e-con e-child\" data-id=\"58785ac\" data-element_type=\"container\">\n\t\t\t\t<div class=\"elementor-element elementor-element-06149b7 elementor-widget__width-initial elementor-widget elementor-widget-image\" data-id=\"06149b7\" data-element_type=\"widget\" data-widget_type=\"image.default\">\n\t\t\t\t<div class=\"elementor-widget-container\">\n\t\t\t\t\t\t\t\t\t\t\t\t\t\t\t<img width=\"800\" height=\"800\" src=\"https:\/\/altanatura.be\/wp-content\/uploads\/2025\/03\/Progetto-senza-titolo-6-1024x1024.png\" class=\"attachment-large size-large wp-image-3462\" alt=\"\" decoding=\"async\" srcset=\"https:\/\/altanatura.be\/wp-content\/uploads\/2025\/03\/Progetto-senza-titolo-6-1024x1024.png 1024w, https:\/\/altanatura.be\/wp-content\/uploads\/2025\/03\/Progetto-senza-titolo-6-100x100.png 100w, https:\/\/altanatura.be\/wp-content\/uploads\/2025\/03\/Progetto-senza-titolo-6-500x500.png 500w, https:\/\/altanatura.be\/wp-content\/uploads\/2025\/03\/Progetto-senza-titolo-6-300x300.png 300w, https:\/\/altanatura.be\/wp-content\/uploads\/2025\/03\/Progetto-senza-titolo-6-150x150.png 150w, https:\/\/altanatura.be\/wp-content\/uploads\/2025\/03\/Progetto-senza-titolo-6-768x768.png 768w, https:\/\/altanatura.be\/wp-content\/uploads\/2025\/03\/Progetto-senza-titolo-6.png 1080w\" sizes=\"(max-width: 800px) 100vw, 800px\" \/>\t\t\t\t\t\t\t\t\t\t\t\t\t\t\t<\/div>\n\t\t\t\t<\/div>\n\t\t\t\t<\/div>\n\t\t<div class=\"elementor-element elementor-element-db36a50 e-con-full e-flex e-con e-child\" data-id=\"db36a50\" data-element_type=\"container\">\n\t\t\t\t<div class=\"elementor-element elementor-element-0cc3aca elementor-widget elementor-widget-heading\" data-id=\"0cc3aca\" data-element_type=\"widget\" data-widget_type=\"heading.default\">\n\t\t\t\t<div class=\"elementor-widget-container\">\n\t\t\t\t\t<h2 class=\"elementor-heading-title elementor-size-default\"><b>Contenuto alcolico<\/b>: 37,5%<\/h2>\t\t\t\t<\/div>\n\t\t\t\t<\/div>\n\t\t\t\t<\/div>\n\t\t\t\t<\/div>\n\t\t\t\t<\/div>\n\t\t<div class=\"elementor-element elementor-element-ed4e634 e-con-full e-flex e-con e-child\" data-id=\"ed4e634\" data-element_type=\"container\">\n\t\t<div class=\"elementor-element elementor-element-cebc3df e-con-full e-flex e-con e-child\" data-id=\"cebc3df\" data-element_type=\"container\">\n\t\t<div class=\"elementor-element elementor-element-7363e52 e-con-full e-flex e-con e-child\" data-id=\"7363e52\" data-element_type=\"container\">\n\t\t\t\t<div class=\"elementor-element elementor-element-a451663 elementor-widget__width-initial elementor-widget elementor-widget-image\" data-id=\"a451663\" data-element_type=\"widget\" data-widget_type=\"image.default\">\n\t\t\t\t<div class=\"elementor-widget-container\">\n\t\t\t\t\t\t\t\t\t\t\t\t\t\t\t<img loading=\"lazy\" width=\"800\" height=\"800\" src=\"https:\/\/altanatura.be\/wp-content\/uploads\/2025\/03\/3-2-1024x1024.png\" class=\"attachment-large size-large wp-image-3457\" alt=\"\" decoding=\"async\" srcset=\"https:\/\/altanatura.be\/wp-content\/uploads\/2025\/03\/3-2-1024x1024.png 1024w, https:\/\/altanatura.be\/wp-content\/uploads\/2025\/03\/3-2-100x100.png 100w, https:\/\/altanatura.be\/wp-content\/uploads\/2025\/03\/3-2-500x500.png 500w, https:\/\/altanatura.be\/wp-content\/uploads\/2025\/03\/3-2-300x300.png 300w, https:\/\/altanatura.be\/wp-content\/uploads\/2025\/03\/3-2-150x150.png 150w, https:\/\/altanatura.be\/wp-content\/uploads\/2025\/03\/3-2-768x768.png 768w, https:\/\/altanatura.be\/wp-content\/uploads\/2025\/03\/3-2.png 1080w\" sizes=\"(max-width: 800px) 100vw, 800px\" \/>\t\t\t\t\t\t\t\t\t\t\t\t\t\t\t<\/div>\n\t\t\t\t<\/div>\n\t\t\t\t<\/div>\n\t\t<div class=\"elementor-element elementor-element-1886639 e-con-full e-flex e-con e-child\" data-id=\"1886639\" data-element_type=\"container\">\n\t\t\t\t<div class=\"elementor-element elementor-element-ce310ce elementor-widget elementor-widget-heading\" data-id=\"ce310ce\" data-element_type=\"widget\" data-widget_type=\"heading.default\">\n\t\t\t\t<div class=\"elementor-widget-container\">\n\t\t\t\t\t<h2 class=\"elementor-heading-title elementor-size-default\"><b>Quantit\u00e0<\/b>: 50 cl<\/h2>\t\t\t\t<\/div>\n\t\t\t\t<\/div>\n\t\t\t\t<\/div>\n\t\t\t\t<\/div>\n\t\t\t\t<\/div>\n\t\t\t\t<\/div>\n\t\t\t\t<\/div>\n\t\t\t\t\t<\/div>\n\t\t\t\t<\/div>\n\t\t\t\t<\/div>\n\t\t","protected":false},"excerpt":{"rendered":"<p>Rau \u00e8 un marchio storico nato in Sardegna, specializzato nella produzione artigianale di liquori e distillati. Da oltre settant\u2019anni porta avanti una tradizione legata al territorio, utilizzando materie prime locali e metodi di lavorazione rispettosi della natura, come l\u2019infusione a freddo. Ogni prodotto racchiude l\u2019essenza autentica dell\u2019isola, esprimendo profumi intensi e sapori decisi. Rau \u00e8 [&hellip;]<\/p>\n","protected":false},"featured_media":12130,"template":"","meta":{"_acf_changed":false},"product_brand":[168],"product_cat":[159],"product_tag":[],"class_list":{"0":"post-12127","1":"product","2":"type-product","3":"status-publish","4":"has-post-thumbnail","6":"product_brand-rau","7":"product_cat-distillati-e-liquori","8":"pa_regioni-sardegna","10":"first","11":"instock","12":"taxable","13":"shipping-taxable","14":"purchasable","15":"product-type-simple"},"acf":[],"aioseo_notices":[],"_links":{"self":[{"href":"https:\/\/altanatura.be\/it\/wp-json\/wp\/v2\/product\/12127","targetHints":{"allow":["GET"]}}],"collection":[{"href":"https:\/\/altanatura.be\/it\/wp-json\/wp\/v2\/product"}],"about":[{"href":"https:\/\/altanatura.be\/it\/wp-json\/wp\/v2\/types\/product"}],"version-history":[{"count":2,"href":"https:\/\/altanatura.be\/it\/wp-json\/wp\/v2\/product\/12127\/revisions"}],"predecessor-version":[{"id":12850,"href":"https:\/\/altanatura.be\/it\/wp-json\/wp\/v2\/product\/12127\/revisions\/12850"}],"wp:featuredmedia":[{"embeddable":true,"href":"https:\/\/altanatura.be\/it\/wp-json\/wp\/v2\/media\/12130"}],"wp:attachment":[{"href":"https:\/\/altanatura.be\/it\/wp-json\/wp\/v2\/media?parent=12127"}],"wp:term":[{"taxonomy":"product_brand","embeddable":true,"href":"https:\/\/altanatura.be\/it\/wp-json\/wp\/v2\/product_brand?post=12127"},{"taxonomy":"product_cat","embeddable":true,"href":"https:\/\/altanatura.be\/it\/wp-json\/wp\/v2\/product_cat?post=12127"},{"taxonomy":"product_tag","embeddable":true,"href":"https:\/\/altanatura.be\/it\/wp-json\/wp\/v2\/product_tag?post=12127"}],"curies":[{"name":"wp","href":"https:\/\/api.w.org\/{rel}","templated":true}]}}