{"id":3024,"date":"2025-04-02T22:35:36","date_gmt":"2025-04-02T22:35:36","guid":{"rendered":"https:\/\/salvatoren20.sg-host.com\/?post_type=product&#038;p=3024"},"modified":"2025-04-17T12:37:59","modified_gmt":"2025-04-17T12:37:59","slug":"rosso-di-montalcino-casanova-di-neri","status":"publish","type":"product","link":"https:\/\/altanatura.be\/it\/shop\/rosso-di-montalcino-casanova-di-neri\/","title":{"rendered":"Rosso di Montalcino &#8211; Casanova di Neri"},"content":{"rendered":"\t\t<div data-elementor-type=\"product-post\" data-elementor-id=\"3024\" class=\"elementor elementor-3024\" data-elementor-post-type=\"product\">\n\t\t\t\t<div class=\"elementor-element elementor-element-d3550d4 e-flex e-con-boxed e-con e-parent\" data-id=\"d3550d4\" data-element_type=\"container\">\n\t\t\t\t\t<div class=\"e-con-inner\">\n\t\t\t\t<div class=\"elementor-element elementor-element-19487871 elementor-widget elementor-widget-text-editor\" data-id=\"19487871\" data-element_type=\"widget\" data-widget_type=\"text-editor.default\">\n\t\t\t\t<div class=\"elementor-widget-container\">\n\t\t\t\t\t\t\t\t\t<div class=\"row\">\r\n<div class=\"col-xs-12 col-sm-12 col-md-12 paragraph_css block-1-large left title\">\r\n<div class=\"elementor-element elementor-element-262d1b8 elementor-widget elementor-widget-text-editor\" data-id=\"262d1b8\" data-element_type=\"widget\" data-widget_type=\"text-editor.default\">\r\n<div class=\"elementor-widget-container\">\r\n<div class=\"elementor-element elementor-element-a84a66f elementor-widget elementor-widget-text-editor\" data-id=\"a84a66f\" data-element_type=\"widget\" data-widget_type=\"text-editor.default\">\r\n<div class=\"elementor-widget-container\">\r\n<div class=\"elementor-element elementor-element-c72f6c5 elementor-widget elementor-widget-text-editor\" data-id=\"c72f6c5\" data-element_type=\"widget\" data-widget_type=\"text-editor.default\">\r\n<div class=\"elementor-widget-container\">\r\n<div class=\"elementor-element elementor-element-5b5edba elementor-widget elementor-widget-text-editor\" data-id=\"5b5edba\" data-element_type=\"widget\" data-widget_type=\"text-editor.default\">\r\n<div class=\"elementor-widget-container\">\r\n\r\n<span>Fondata nel 1971 da Giovanni Neri, che con grande visione e passione intu\u00ec le grandi potenzialit\u00e0 del territorio vinicolo di Montalcino. Nel 1991 \u00e8 passata nelle mani del figlio Giacomo. La produzione \u00e8 iniziata a est di Montalcino e da allora si \u00e8 estesa ad altre localit\u00e0. Il vigneto Cerretalto segue quelli di Le Cetine, Pietradonice e Podernuovo. Tutto questo seguendo esclusivamente la ricerca dei terreni e delle esposizioni migliori per produrre vini unici e riconoscibili. Attualmente l&#8217;azienda si estende su una superficie di circa 500 ettari, di cui 63 coltivati \u200b\u200ba vigneto.<\/span>\r\n\r\n<\/div>\r\n<\/div>\r\n<\/div>\r\n<\/div>\r\n<\/div>\r\n<\/div>\r\n<\/div>\r\n<\/div>\r\n<\/div>\r\n<\/div>\t\t\t\t\t\t\t\t<\/div>\n\t\t\t\t<\/div>\n\t\t\t\t\t<\/div>\n\t\t\t\t<\/div>\n\t\t<div class=\"elementor-element elementor-element-871279f e-con-full e-flex e-con e-child\" data-id=\"871279f\" data-element_type=\"container\">\n\t\t<div class=\"elementor-element elementor-element-6de953ef e-con-full e-flex e-con e-child\" data-id=\"6de953ef\" data-element_type=\"container\">\n\t\t<div class=\"elementor-element elementor-element-3d911f1a e-con-full e-flex e-con e-child\" data-id=\"3d911f1a\" data-element_type=\"container\">\n\t\t<div class=\"elementor-element elementor-element-2484823b e-con-full e-flex e-con e-child\" data-id=\"2484823b\" data-element_type=\"container\">\n\t\t\t\t<div class=\"elementor-element elementor-element-4726293 elementor-widget__width-initial elementor-widget elementor-widget-image\" data-id=\"4726293\" data-element_type=\"widget\" data-widget_type=\"image.default\">\n\t\t\t\t<div class=\"elementor-widget-container\">\n\t\t\t\t\t\t\t\t\t\t\t\t\t\t\t<img fetchpriority=\"high\" width=\"800\" height=\"800\" src=\"https:\/\/altanatura.be\/wp-content\/uploads\/2025\/03\/Progetto-senza-titolo-4-1024x1024.png\" class=\"attachment-large size-large wp-image-3453\" alt=\"\" decoding=\"async\" srcset=\"https:\/\/altanatura.be\/wp-content\/uploads\/2025\/03\/Progetto-senza-titolo-4-1024x1024.png 1024w, https:\/\/altanatura.be\/wp-content\/uploads\/2025\/03\/Progetto-senza-titolo-4-100x100.png 100w, https:\/\/altanatura.be\/wp-content\/uploads\/2025\/03\/Progetto-senza-titolo-4-500x500.png 500w, https:\/\/altanatura.be\/wp-content\/uploads\/2025\/03\/Progetto-senza-titolo-4-300x300.png 300w, https:\/\/altanatura.be\/wp-content\/uploads\/2025\/03\/Progetto-senza-titolo-4-150x150.png 150w, https:\/\/altanatura.be\/wp-content\/uploads\/2025\/03\/Progetto-senza-titolo-4-768x768.png 768w, https:\/\/altanatura.be\/wp-content\/uploads\/2025\/03\/Progetto-senza-titolo-4.png 1080w\" sizes=\"(max-width: 800px) 100vw, 800px\" \/>\t\t\t\t\t\t\t\t\t\t\t\t\t\t\t<\/div>\n\t\t\t\t<\/div>\n\t\t\t\t<\/div>\n\t\t<div class=\"elementor-element elementor-element-4a253cf9 e-con-full e-flex e-con e-child\" data-id=\"4a253cf9\" data-element_type=\"container\">\n\t\t\t\t<div class=\"elementor-element elementor-element-1d4a44a elementor-widget elementor-widget-heading\" data-id=\"1d4a44a\" data-element_type=\"widget\" data-widget_type=\"heading.default\">\n\t\t\t\t<div class=\"elementor-widget-container\">\n\t\t\t\t\t<h2 class=\"elementor-heading-title elementor-size-default\">Regione: Toscana<\/h2>\t\t\t\t<\/div>\n\t\t\t\t<\/div>\n\t\t\t\t<\/div>\n\t\t\t\t<\/div>\n\t\t<div class=\"elementor-element elementor-element-593171be e-con-full e-flex e-con e-child\" data-id=\"593171be\" data-element_type=\"container\">\n\t\t<div class=\"elementor-element elementor-element-52547f6e e-con-full e-flex e-con e-child\" data-id=\"52547f6e\" data-element_type=\"container\">\n\t\t\t\t<div class=\"elementor-element elementor-element-7d5318d2 elementor-widget__width-initial elementor-widget elementor-widget-image\" data-id=\"7d5318d2\" data-element_type=\"widget\" data-widget_type=\"image.default\">\n\t\t\t\t<div class=\"elementor-widget-container\">\n\t\t\t\t\t\t\t\t\t\t\t\t\t\t\t<img width=\"800\" height=\"800\" src=\"https:\/\/altanatura.be\/wp-content\/uploads\/2025\/03\/Progetto-senza-titolo-5-1024x1024.png\" class=\"attachment-large size-large wp-image-3454\" alt=\"\" decoding=\"async\" srcset=\"https:\/\/altanatura.be\/wp-content\/uploads\/2025\/03\/Progetto-senza-titolo-5-1024x1024.png 1024w, https:\/\/altanatura.be\/wp-content\/uploads\/2025\/03\/Progetto-senza-titolo-5-100x100.png 100w, https:\/\/altanatura.be\/wp-content\/uploads\/2025\/03\/Progetto-senza-titolo-5-500x500.png 500w, https:\/\/altanatura.be\/wp-content\/uploads\/2025\/03\/Progetto-senza-titolo-5-300x300.png 300w, https:\/\/altanatura.be\/wp-content\/uploads\/2025\/03\/Progetto-senza-titolo-5-150x150.png 150w, https:\/\/altanatura.be\/wp-content\/uploads\/2025\/03\/Progetto-senza-titolo-5-768x768.png 768w, https:\/\/altanatura.be\/wp-content\/uploads\/2025\/03\/Progetto-senza-titolo-5.png 1080w\" sizes=\"(max-width: 800px) 100vw, 800px\" \/>\t\t\t\t\t\t\t\t\t\t\t\t\t\t\t<\/div>\n\t\t\t\t<\/div>\n\t\t\t\t<\/div>\n\t\t<div class=\"elementor-element elementor-element-50d11e4c e-con-full e-flex e-con e-child\" data-id=\"50d11e4c\" data-element_type=\"container\">\n\t\t\t\t<div class=\"elementor-element elementor-element-461e75ec elementor-widget elementor-widget-heading\" data-id=\"461e75ec\" data-element_type=\"widget\" data-widget_type=\"heading.default\">\n\t\t\t\t<div class=\"elementor-widget-container\">\n\t\t\t\t\t<h2 class=\"elementor-heading-title elementor-size-default\">Categoria: Vino rosso<\/h2>\t\t\t\t<\/div>\n\t\t\t\t<\/div>\n\t\t\t\t<\/div>\n\t\t\t\t<\/div>\n\t\t<div class=\"elementor-element elementor-element-1bfcb5eb e-con-full e-flex e-con e-child\" data-id=\"1bfcb5eb\" data-element_type=\"container\">\n\t\t<div class=\"elementor-element elementor-element-19dbc687 e-con-full e-flex e-con e-child\" data-id=\"19dbc687\" data-element_type=\"container\">\n\t\t\t\t<div class=\"elementor-element elementor-element-7f6c9244 elementor-widget__width-initial elementor-widget elementor-widget-image\" data-id=\"7f6c9244\" data-element_type=\"widget\" data-widget_type=\"image.default\">\n\t\t\t\t<div class=\"elementor-widget-container\">\n\t\t\t\t\t\t\t\t\t\t\t\t\t\t\t<img width=\"800\" height=\"800\" src=\"https:\/\/altanatura.be\/wp-content\/uploads\/2025\/03\/7-1024x1024.png\" class=\"attachment-large size-large wp-image-3461\" alt=\"\" decoding=\"async\" srcset=\"https:\/\/altanatura.be\/wp-content\/uploads\/2025\/03\/7-1024x1024.png 1024w, https:\/\/altanatura.be\/wp-content\/uploads\/2025\/03\/7-100x100.png 100w, https:\/\/altanatura.be\/wp-content\/uploads\/2025\/03\/7-500x500.png 500w, https:\/\/altanatura.be\/wp-content\/uploads\/2025\/03\/7-300x300.png 300w, https:\/\/altanatura.be\/wp-content\/uploads\/2025\/03\/7-150x150.png 150w, https:\/\/altanatura.be\/wp-content\/uploads\/2025\/03\/7-768x768.png 768w, https:\/\/altanatura.be\/wp-content\/uploads\/2025\/03\/7.png 1080w\" sizes=\"(max-width: 800px) 100vw, 800px\" \/>\t\t\t\t\t\t\t\t\t\t\t\t\t\t\t<\/div>\n\t\t\t\t<\/div>\n\t\t\t\t<\/div>\n\t\t<div class=\"elementor-element elementor-element-641e1a76 e-con-full e-flex e-con e-child\" data-id=\"641e1a76\" data-element_type=\"container\">\n\t\t\t\t<div class=\"elementor-element elementor-element-59e038b1 elementor-widget elementor-widget-heading\" data-id=\"59e038b1\" data-element_type=\"widget\" data-widget_type=\"heading.default\">\n\t\t\t\t<div class=\"elementor-widget-container\">\n\t\t\t\t\t<h2 class=\"elementor-heading-title elementor-size-default\">Vitigno: Sangiovese<\/h2>\t\t\t\t<\/div>\n\t\t\t\t<\/div>\n\t\t\t\t<\/div>\n\t\t\t\t<\/div>\n\t\t\t\t<\/div>\n\t\t<div class=\"elementor-element elementor-element-59be2dc9 e-con-full e-flex e-con e-child\" data-id=\"59be2dc9\" data-element_type=\"container\">\n\t\t<div class=\"elementor-element elementor-element-3b0690c1 e-con-full e-flex e-con e-child\" data-id=\"3b0690c1\" data-element_type=\"container\">\n\t\t<div class=\"elementor-element elementor-element-10ecff1 e-con-full e-flex e-con e-child\" data-id=\"10ecff1\" data-element_type=\"container\">\n\t\t\t\t<div class=\"elementor-element elementor-element-65229879 elementor-widget__width-initial elementor-widget elementor-widget-image\" data-id=\"65229879\" data-element_type=\"widget\" data-widget_type=\"image.default\">\n\t\t\t\t<div class=\"elementor-widget-container\">\n\t\t\t\t\t\t\t\t\t\t\t\t\t\t\t<img loading=\"lazy\" width=\"800\" height=\"800\" src=\"https:\/\/altanatura.be\/wp-content\/uploads\/2025\/03\/Progetto-senza-titolo-6-1024x1024.png\" class=\"attachment-large size-large wp-image-3462\" alt=\"\" decoding=\"async\" srcset=\"https:\/\/altanatura.be\/wp-content\/uploads\/2025\/03\/Progetto-senza-titolo-6-1024x1024.png 1024w, https:\/\/altanatura.be\/wp-content\/uploads\/2025\/03\/Progetto-senza-titolo-6-100x100.png 100w, https:\/\/altanatura.be\/wp-content\/uploads\/2025\/03\/Progetto-senza-titolo-6-500x500.png 500w, https:\/\/altanatura.be\/wp-content\/uploads\/2025\/03\/Progetto-senza-titolo-6-300x300.png 300w, https:\/\/altanatura.be\/wp-content\/uploads\/2025\/03\/Progetto-senza-titolo-6-150x150.png 150w, https:\/\/altanatura.be\/wp-content\/uploads\/2025\/03\/Progetto-senza-titolo-6-768x768.png 768w, https:\/\/altanatura.be\/wp-content\/uploads\/2025\/03\/Progetto-senza-titolo-6.png 1080w\" sizes=\"(max-width: 800px) 100vw, 800px\" \/>\t\t\t\t\t\t\t\t\t\t\t\t\t\t\t<\/div>\n\t\t\t\t<\/div>\n\t\t\t\t<\/div>\n\t\t<div class=\"elementor-element elementor-element-5f03ab3f e-con-full e-flex e-con e-child\" data-id=\"5f03ab3f\" data-element_type=\"container\">\n\t\t\t\t<div class=\"elementor-element elementor-element-7a0df67d elementor-widget elementor-widget-heading\" data-id=\"7a0df67d\" data-element_type=\"widget\" data-widget_type=\"heading.default\">\n\t\t\t\t<div class=\"elementor-widget-container\">\n\t\t\t\t\t<h2 class=\"elementor-heading-title elementor-size-default\">Contenuto alcolico: 14,0%<\/h2>\t\t\t\t<\/div>\n\t\t\t\t<\/div>\n\t\t\t\t<\/div>\n\t\t\t\t<\/div>\n\t\t<div class=\"elementor-element elementor-element-edfa3c0 e-con-full e-flex e-con e-child\" data-id=\"edfa3c0\" data-element_type=\"container\">\n\t\t<div class=\"elementor-element elementor-element-9dc9807 e-con-full e-flex e-con e-child\" data-id=\"9dc9807\" data-element_type=\"container\">\n\t\t\t\t<div class=\"elementor-element elementor-element-8e4b664 elementor-widget__width-initial elementor-widget elementor-widget-image\" data-id=\"8e4b664\" data-element_type=\"widget\" data-widget_type=\"image.default\">\n\t\t\t\t<div class=\"elementor-widget-container\">\n\t\t\t\t\t\t\t\t\t\t\t\t\t\t\t<img loading=\"lazy\" width=\"800\" height=\"800\" src=\"https:\/\/altanatura.be\/wp-content\/uploads\/2025\/03\/Progetto-senza-titolo-12-1024x1024.png\" class=\"attachment-large size-large wp-image-3469\" alt=\"\" decoding=\"async\" srcset=\"https:\/\/altanatura.be\/wp-content\/uploads\/2025\/03\/Progetto-senza-titolo-12-1024x1024.png 1024w, https:\/\/altanatura.be\/wp-content\/uploads\/2025\/03\/Progetto-senza-titolo-12-100x100.png 100w, https:\/\/altanatura.be\/wp-content\/uploads\/2025\/03\/Progetto-senza-titolo-12-500x500.png 500w, https:\/\/altanatura.be\/wp-content\/uploads\/2025\/03\/Progetto-senza-titolo-12-300x300.png 300w, https:\/\/altanatura.be\/wp-content\/uploads\/2025\/03\/Progetto-senza-titolo-12-150x150.png 150w, https:\/\/altanatura.be\/wp-content\/uploads\/2025\/03\/Progetto-senza-titolo-12-768x768.png 768w, https:\/\/altanatura.be\/wp-content\/uploads\/2025\/03\/Progetto-senza-titolo-12.png 1080w\" sizes=\"(max-width: 800px) 100vw, 800px\" \/>\t\t\t\t\t\t\t\t\t\t\t\t\t\t\t<\/div>\n\t\t\t\t<\/div>\n\t\t\t\t<\/div>\n\t\t<div class=\"elementor-element elementor-element-0d9e2e3 e-con-full e-flex e-con e-child\" data-id=\"0d9e2e3\" data-element_type=\"container\">\n\t\t\t\t<div class=\"elementor-element elementor-element-e1569cc elementor-widget elementor-widget-heading\" data-id=\"e1569cc\" data-element_type=\"widget\" data-widget_type=\"heading.default\">\n\t\t\t\t<div class=\"elementor-widget-container\">\n\t\t\t\t\t<h2 class=\"elementor-heading-title elementor-size-default\">Affinamento: 17M in barili<\/h2>\t\t\t\t<\/div>\n\t\t\t\t<\/div>\n\t\t\t\t<\/div>\n\t\t\t\t<\/div>\n\t\t<div class=\"elementor-element elementor-element-e1ea971 e-con-full e-flex e-con e-child\" data-id=\"e1ea971\" data-element_type=\"container\">\n\t\t<div class=\"elementor-element elementor-element-b4d46fb e-con-full e-flex e-con e-child\" data-id=\"b4d46fb\" data-element_type=\"container\">\n\t\t\t\t<div class=\"elementor-element elementor-element-10df2a8 elementor-widget__width-initial elementor-widget elementor-widget-image\" data-id=\"10df2a8\" data-element_type=\"widget\" data-widget_type=\"image.default\">\n\t\t\t\t<div class=\"elementor-widget-container\">\n\t\t\t\t\t\t\t\t\t\t\t\t\t\t\t<img loading=\"lazy\" width=\"800\" height=\"800\" src=\"https:\/\/altanatura.be\/wp-content\/uploads\/2025\/03\/3-2-1024x1024.png\" class=\"attachment-large size-large wp-image-3457\" alt=\"\" decoding=\"async\" srcset=\"https:\/\/altanatura.be\/wp-content\/uploads\/2025\/03\/3-2-1024x1024.png 1024w, https:\/\/altanatura.be\/wp-content\/uploads\/2025\/03\/3-2-100x100.png 100w, https:\/\/altanatura.be\/wp-content\/uploads\/2025\/03\/3-2-500x500.png 500w, https:\/\/altanatura.be\/wp-content\/uploads\/2025\/03\/3-2-300x300.png 300w, https:\/\/altanatura.be\/wp-content\/uploads\/2025\/03\/3-2-150x150.png 150w, https:\/\/altanatura.be\/wp-content\/uploads\/2025\/03\/3-2-768x768.png 768w, https:\/\/altanatura.be\/wp-content\/uploads\/2025\/03\/3-2.png 1080w\" sizes=\"(max-width: 800px) 100vw, 800px\" \/>\t\t\t\t\t\t\t\t\t\t\t\t\t\t\t<\/div>\n\t\t\t\t<\/div>\n\t\t\t\t<\/div>\n\t\t<div class=\"elementor-element elementor-element-8a63605 e-con-full e-flex e-con e-child\" data-id=\"8a63605\" data-element_type=\"container\">\n\t\t\t\t<div class=\"elementor-element elementor-element-c0c50eb elementor-widget elementor-widget-heading\" data-id=\"c0c50eb\" data-element_type=\"widget\" data-widget_type=\"heading.default\">\n\t\t\t\t<div class=\"elementor-widget-container\">\n\t\t\t\t\t<h2 class=\"elementor-heading-title elementor-size-default\">Quantit\u00e0: 75 cl<\/h2>\t\t\t\t<\/div>\n\t\t\t\t<\/div>\n\t\t\t\t<\/div>\n\t\t\t\t<\/div>\n\t\t\t\t<\/div>\n\t\t<div class=\"elementor-element elementor-element-7a68c26c e-con-full e-flex e-con e-child\" data-id=\"7a68c26c\" data-element_type=\"container\">\n\t\t<div class=\"elementor-element elementor-element-2036dd1d e-con-full e-flex e-con e-child\" data-id=\"2036dd1d\" data-element_type=\"container\">\n\t\t<div class=\"elementor-element elementor-element-7923943a e-con-full e-flex e-con e-child\" data-id=\"7923943a\" data-element_type=\"container\">\n\t\t\t\t<div class=\"elementor-element elementor-element-4c7495aa elementor-widget__width-initial elementor-widget elementor-widget-image\" data-id=\"4c7495aa\" data-element_type=\"widget\" data-widget_type=\"image.default\">\n\t\t\t\t<div class=\"elementor-widget-container\">\n\t\t\t\t\t\t\t\t\t\t\t\t\t\t\t<img loading=\"lazy\" width=\"800\" height=\"800\" src=\"https:\/\/altanatura.be\/wp-content\/uploads\/2025\/03\/Annata-1024x1024.png\" class=\"attachment-large size-large wp-image-5062\" alt=\"\" decoding=\"async\" srcset=\"https:\/\/altanatura.be\/wp-content\/uploads\/2025\/03\/Annata-1024x1024.png 1024w, https:\/\/altanatura.be\/wp-content\/uploads\/2025\/03\/Annata-100x100.png 100w, https:\/\/altanatura.be\/wp-content\/uploads\/2025\/03\/Annata-500x500.png 500w, https:\/\/altanatura.be\/wp-content\/uploads\/2025\/03\/Annata-300x300.png 300w, https:\/\/altanatura.be\/wp-content\/uploads\/2025\/03\/Annata-150x150.png 150w, https:\/\/altanatura.be\/wp-content\/uploads\/2025\/03\/Annata-768x768.png 768w, https:\/\/altanatura.be\/wp-content\/uploads\/2025\/03\/Annata.png 1080w\" sizes=\"(max-width: 800px) 100vw, 800px\" \/>\t\t\t\t\t\t\t\t\t\t\t\t\t\t\t<\/div>\n\t\t\t\t<\/div>\n\t\t\t\t<\/div>\n\t\t<div class=\"elementor-element elementor-element-6818bfa e-con-full e-flex e-con e-child\" data-id=\"6818bfa\" data-element_type=\"container\">\n\t\t\t\t<div class=\"elementor-element elementor-element-9a73306 elementor-widget elementor-widget-heading\" data-id=\"9a73306\" data-element_type=\"widget\" data-widget_type=\"heading.default\">\n\t\t\t\t<div class=\"elementor-widget-container\">\n\t\t\t\t\t<h2 class=\"elementor-heading-title elementor-size-default\">Annata: 2019<\/h2>\t\t\t\t<\/div>\n\t\t\t\t<\/div>\n\t\t\t\t<\/div>\n\t\t\t\t<\/div>\n\t\t<div class=\"elementor-element elementor-element-7ed070cc e-con-full e-flex e-con e-child\" data-id=\"7ed070cc\" data-element_type=\"container\">\n\t\t<div class=\"elementor-element elementor-element-7ce0022d e-con-full e-flex e-con e-child\" data-id=\"7ce0022d\" data-element_type=\"container\">\n\t\t\t\t<\/div>\n\t\t<div class=\"elementor-element elementor-element-3c9b24f4 e-con-full e-flex e-con e-child\" data-id=\"3c9b24f4\" data-element_type=\"container\">\n\t\t\t\t<\/div>\n\t\t\t\t<\/div>\n\t\t<div class=\"elementor-element elementor-element-27ed2bfa e-con-full e-flex e-con e-child\" data-id=\"27ed2bfa\" data-element_type=\"container\">\n\t\t<div class=\"elementor-element elementor-element-18efc756 e-con-full e-flex e-con e-child\" data-id=\"18efc756\" data-element_type=\"container\">\n\t\t\t\t<\/div>\n\t\t<div class=\"elementor-element elementor-element-669581f8 e-con-full e-flex e-con e-child\" data-id=\"669581f8\" data-element_type=\"container\">\n\t\t\t\t<\/div>\n\t\t\t\t<\/div>\n\t\t\t\t<\/div>\n\t\t\t\t<\/div>\n\t\t\t\t<\/div>\n\t\t","protected":false},"excerpt":{"rendered":"<p>Fondata nel 1971 da Giovanni Neri, che con grande visione e passione intu\u00ec le grandi potenzialit\u00e0 del territorio vinicolo di Montalcino. Nel 1991 \u00e8 passata nelle mani del figlio Giacomo. La produzione \u00e8 iniziata a est di Montalcino e da allora si \u00e8 estesa ad altre localit\u00e0. Il vigneto Cerretalto segue quelli di Le Cetine, [&hellip;]<\/p>\n","protected":false},"featured_media":3025,"template":"","meta":{"_acf_changed":false},"product_brand":[57],"product_cat":[77,24],"product_tag":[],"class_list":{"0":"post-3024","1":"product","2":"type-product","3":"status-publish","4":"has-post-thumbnail","6":"product_brand-casanova-di-neri","7":"product_cat-vini","8":"product_cat-vino-rosso","9":"pa_regioni-toscana","11":"first","12":"instock","13":"taxable","14":"shipping-taxable","15":"purchasable","16":"product-type-simple"},"acf":[],"aioseo_notices":[],"_links":{"self":[{"href":"https:\/\/altanatura.be\/it\/wp-json\/wp\/v2\/product\/3024","targetHints":{"allow":["GET"]}}],"collection":[{"href":"https:\/\/altanatura.be\/it\/wp-json\/wp\/v2\/product"}],"about":[{"href":"https:\/\/altanatura.be\/it\/wp-json\/wp\/v2\/types\/product"}],"version-history":[{"count":0,"href":"https:\/\/altanatura.be\/it\/wp-json\/wp\/v2\/product\/3024\/revisions"}],"wp:featuredmedia":[{"embeddable":true,"href":"https:\/\/altanatura.be\/it\/wp-json\/wp\/v2\/media\/3025"}],"wp:attachment":[{"href":"https:\/\/altanatura.be\/it\/wp-json\/wp\/v2\/media?parent=3024"}],"wp:term":[{"taxonomy":"product_brand","embeddable":true,"href":"https:\/\/altanatura.be\/it\/wp-json\/wp\/v2\/product_brand?post=3024"},{"taxonomy":"product_cat","embeddable":true,"href":"https:\/\/altanatura.be\/it\/wp-json\/wp\/v2\/product_cat?post=3024"},{"taxonomy":"product_tag","embeddable":true,"href":"https:\/\/altanatura.be\/it\/wp-json\/wp\/v2\/product_tag?post=3024"}],"curies":[{"name":"wp","href":"https:\/\/api.w.org\/{rel}","templated":true}]}}