{"id":3874,"date":"2025-04-09T22:41:10","date_gmt":"2025-04-09T22:41:10","guid":{"rendered":"https:\/\/salvatoren20.sg-host.com\/?post_type=product&#038;p=3874"},"modified":"2025-04-17T12:39:11","modified_gmt":"2025-04-17T12:39:11","slug":"brunello-di-montalcino-casanova-di-neri","status":"publish","type":"product","link":"https:\/\/altanatura.be\/it\/shop\/brunello-di-montalcino-casanova-di-neri\/","title":{"rendered":"Brunello di Montalcino &#8211; Casanova di Neri"},"content":{"rendered":"\t\t<div data-elementor-type=\"product-post\" data-elementor-id=\"3874\" class=\"elementor elementor-3874\" data-elementor-post-type=\"product\">\n\t\t\t\t<div class=\"elementor-element elementor-element-3392fedc e-flex e-con-boxed e-con e-parent\" data-id=\"3392fedc\" data-element_type=\"container\">\n\t\t\t\t\t<div class=\"e-con-inner\">\n\t\t\t\t<div class=\"elementor-element elementor-element-46ca5b6e elementor-widget elementor-widget-text-editor\" data-id=\"46ca5b6e\" data-element_type=\"widget\" data-widget_type=\"text-editor.default\">\n\t\t\t\t<div class=\"elementor-widget-container\">\n\t\t\t\t\t\t\t\t\t<div class=\"row\">\r\n<div class=\"col-xs-12 col-sm-12 col-md-12 paragraph_css block-1-large left title\">\r\n<div class=\"elementor-element elementor-element-262d1b8 elementor-widget elementor-widget-text-editor\" data-id=\"262d1b8\" data-element_type=\"widget\" data-widget_type=\"text-editor.default\">\r\n<div class=\"elementor-widget-container\">\r\n<div class=\"elementor-element elementor-element-a84a66f elementor-widget elementor-widget-text-editor\" data-id=\"a84a66f\" data-element_type=\"widget\" data-widget_type=\"text-editor.default\">\r\n<div class=\"elementor-widget-container\">\r\n<div class=\"elementor-element elementor-element-c72f6c5 elementor-widget elementor-widget-text-editor\" data-id=\"c72f6c5\" data-element_type=\"widget\" data-widget_type=\"text-editor.default\">\r\n<div class=\"elementor-widget-container\">\r\n<div class=\"elementor-element elementor-element-5b5edba elementor-widget elementor-widget-text-editor\" data-id=\"5b5edba\" data-element_type=\"widget\" data-widget_type=\"text-editor.default\">\r\n<div class=\"elementor-widget-container\">\r\n\r\nFondata nel 1971 da Giovanni Neri, che con grande visione e passione intu\u00ec le grandi potenzialit\u00e0 del territorio vinicolo di Montalcino. Nel 1991 \u00e8 passata nelle mani del figlio Giacomo. La produzione \u00e8 iniziata a est di Montalcino e da allora si \u00e8 estesa ad altre localit\u00e0. Il vigneto Cerretalto segue quelli di Le Cetine, Pietradonice e Podernuovo. Tutto questo seguendo esclusivamente la ricerca dei terreni e delle esposizioni migliori per produrre vini unici e riconoscibili. Attualmente l&#8217;azienda si estende su una superficie di circa 500 ettari, di cui 63 coltivati \u200b\u200ba vigneto.\r\n\r\n<\/div>\r\n<\/div>\r\n<\/div>\r\n<\/div>\r\n<\/div>\r\n<\/div>\r\n<\/div>\r\n<\/div>\r\n<\/div>\r\n<\/div>\t\t\t\t\t\t\t\t<\/div>\n\t\t\t\t<\/div>\n\t\t\t\t\t<\/div>\n\t\t\t\t<\/div>\n\t\t<div class=\"elementor-element elementor-element-7d70d65 e-con-full e-flex e-con e-child\" data-id=\"7d70d65\" data-element_type=\"container\">\n\t\t<div class=\"elementor-element elementor-element-58f3024 e-con-full e-flex e-con e-child\" data-id=\"58f3024\" data-element_type=\"container\">\n\t\t<div class=\"elementor-element elementor-element-ba1e8f3 e-con-full e-flex e-con e-child\" data-id=\"ba1e8f3\" data-element_type=\"container\">\n\t\t<div class=\"elementor-element elementor-element-fc71543 e-con-full e-flex e-con e-child\" data-id=\"fc71543\" data-element_type=\"container\">\n\t\t\t\t<div class=\"elementor-element elementor-element-a99931d elementor-widget__width-initial elementor-widget elementor-widget-image\" data-id=\"a99931d\" data-element_type=\"widget\" data-widget_type=\"image.default\">\n\t\t\t\t<div class=\"elementor-widget-container\">\n\t\t\t\t\t\t\t\t\t\t\t\t\t\t\t<img fetchpriority=\"high\" decoding=\"async\" width=\"800\" height=\"800\" src=\"https:\/\/altanatura.be\/wp-content\/uploads\/2025\/03\/Progetto-senza-titolo-4-1024x1024.png\" class=\"attachment-large size-large wp-image-3453\" alt=\"\" srcset=\"https:\/\/altanatura.be\/wp-content\/uploads\/2025\/03\/Progetto-senza-titolo-4-1024x1024.png 1024w, https:\/\/altanatura.be\/wp-content\/uploads\/2025\/03\/Progetto-senza-titolo-4-100x100.png 100w, https:\/\/altanatura.be\/wp-content\/uploads\/2025\/03\/Progetto-senza-titolo-4-500x500.png 500w, https:\/\/altanatura.be\/wp-content\/uploads\/2025\/03\/Progetto-senza-titolo-4-300x300.png 300w, https:\/\/altanatura.be\/wp-content\/uploads\/2025\/03\/Progetto-senza-titolo-4-150x150.png 150w, https:\/\/altanatura.be\/wp-content\/uploads\/2025\/03\/Progetto-senza-titolo-4-768x768.png 768w, https:\/\/altanatura.be\/wp-content\/uploads\/2025\/03\/Progetto-senza-titolo-4.png 1080w\" sizes=\"(max-width: 800px) 100vw, 800px\" \/>\t\t\t\t\t\t\t\t\t\t\t\t\t\t\t<\/div>\n\t\t\t\t<\/div>\n\t\t\t\t<\/div>\n\t\t<div class=\"elementor-element elementor-element-a40507e e-con-full e-flex e-con e-child\" data-id=\"a40507e\" data-element_type=\"container\">\n\t\t\t\t<div class=\"elementor-element elementor-element-fed3a7e elementor-widget elementor-widget-heading\" data-id=\"fed3a7e\" data-element_type=\"widget\" data-widget_type=\"heading.default\">\n\t\t\t\t<div class=\"elementor-widget-container\">\n\t\t\t\t\t<h2 class=\"elementor-heading-title elementor-size-default\">Regione: Toscana<\/h2>\t\t\t\t<\/div>\n\t\t\t\t<\/div>\n\t\t\t\t<\/div>\n\t\t\t\t<\/div>\n\t\t<div class=\"elementor-element elementor-element-4be4322 e-con-full e-flex e-con e-child\" data-id=\"4be4322\" data-element_type=\"container\">\n\t\t<div class=\"elementor-element elementor-element-aa4d723 e-con-full e-flex e-con e-child\" data-id=\"aa4d723\" data-element_type=\"container\">\n\t\t\t\t<div class=\"elementor-element elementor-element-e00f640 elementor-widget__width-initial elementor-widget elementor-widget-image\" data-id=\"e00f640\" data-element_type=\"widget\" data-widget_type=\"image.default\">\n\t\t\t\t<div class=\"elementor-widget-container\">\n\t\t\t\t\t\t\t\t\t\t\t\t\t\t\t<img decoding=\"async\" width=\"800\" height=\"800\" src=\"https:\/\/altanatura.be\/wp-content\/uploads\/2025\/03\/Progetto-senza-titolo-5-1024x1024.png\" class=\"attachment-large size-large wp-image-3454\" alt=\"\" srcset=\"https:\/\/altanatura.be\/wp-content\/uploads\/2025\/03\/Progetto-senza-titolo-5-1024x1024.png 1024w, https:\/\/altanatura.be\/wp-content\/uploads\/2025\/03\/Progetto-senza-titolo-5-100x100.png 100w, https:\/\/altanatura.be\/wp-content\/uploads\/2025\/03\/Progetto-senza-titolo-5-500x500.png 500w, https:\/\/altanatura.be\/wp-content\/uploads\/2025\/03\/Progetto-senza-titolo-5-300x300.png 300w, https:\/\/altanatura.be\/wp-content\/uploads\/2025\/03\/Progetto-senza-titolo-5-150x150.png 150w, https:\/\/altanatura.be\/wp-content\/uploads\/2025\/03\/Progetto-senza-titolo-5-768x768.png 768w, https:\/\/altanatura.be\/wp-content\/uploads\/2025\/03\/Progetto-senza-titolo-5.png 1080w\" sizes=\"(max-width: 800px) 100vw, 800px\" \/>\t\t\t\t\t\t\t\t\t\t\t\t\t\t\t<\/div>\n\t\t\t\t<\/div>\n\t\t\t\t<\/div>\n\t\t<div class=\"elementor-element elementor-element-2cda5ca e-con-full e-flex e-con e-child\" data-id=\"2cda5ca\" data-element_type=\"container\">\n\t\t\t\t<div class=\"elementor-element elementor-element-16eced0 elementor-widget elementor-widget-heading\" data-id=\"16eced0\" data-element_type=\"widget\" data-widget_type=\"heading.default\">\n\t\t\t\t<div class=\"elementor-widget-container\">\n\t\t\t\t\t<h2 class=\"elementor-heading-title elementor-size-default\">Categoria: Vino rosso<\/h2>\t\t\t\t<\/div>\n\t\t\t\t<\/div>\n\t\t\t\t<\/div>\n\t\t\t\t<\/div>\n\t\t<div class=\"elementor-element elementor-element-f0ca0d9 e-con-full e-flex e-con e-child\" data-id=\"f0ca0d9\" data-element_type=\"container\">\n\t\t<div class=\"elementor-element elementor-element-cecfd25 e-con-full e-flex e-con e-child\" data-id=\"cecfd25\" data-element_type=\"container\">\n\t\t\t\t<div class=\"elementor-element elementor-element-abcae72 elementor-widget__width-initial elementor-widget elementor-widget-image\" data-id=\"abcae72\" data-element_type=\"widget\" data-widget_type=\"image.default\">\n\t\t\t\t<div class=\"elementor-widget-container\">\n\t\t\t\t\t\t\t\t\t\t\t\t\t\t\t<img decoding=\"async\" width=\"800\" height=\"800\" src=\"https:\/\/altanatura.be\/wp-content\/uploads\/2025\/03\/7-1024x1024.png\" class=\"attachment-large size-large wp-image-3461\" alt=\"\" srcset=\"https:\/\/altanatura.be\/wp-content\/uploads\/2025\/03\/7-1024x1024.png 1024w, https:\/\/altanatura.be\/wp-content\/uploads\/2025\/03\/7-100x100.png 100w, https:\/\/altanatura.be\/wp-content\/uploads\/2025\/03\/7-500x500.png 500w, https:\/\/altanatura.be\/wp-content\/uploads\/2025\/03\/7-300x300.png 300w, https:\/\/altanatura.be\/wp-content\/uploads\/2025\/03\/7-150x150.png 150w, https:\/\/altanatura.be\/wp-content\/uploads\/2025\/03\/7-768x768.png 768w, https:\/\/altanatura.be\/wp-content\/uploads\/2025\/03\/7.png 1080w\" sizes=\"(max-width: 800px) 100vw, 800px\" \/>\t\t\t\t\t\t\t\t\t\t\t\t\t\t\t<\/div>\n\t\t\t\t<\/div>\n\t\t\t\t<\/div>\n\t\t<div class=\"elementor-element elementor-element-a59f098 e-con-full e-flex e-con e-child\" data-id=\"a59f098\" data-element_type=\"container\">\n\t\t\t\t<div class=\"elementor-element elementor-element-a3054b5 elementor-widget elementor-widget-heading\" data-id=\"a3054b5\" data-element_type=\"widget\" data-widget_type=\"heading.default\">\n\t\t\t\t<div class=\"elementor-widget-container\">\n\t\t\t\t\t<h2 class=\"elementor-heading-title elementor-size-default\">Vitigno: Sangiovese<\/h2>\t\t\t\t<\/div>\n\t\t\t\t<\/div>\n\t\t\t\t<\/div>\n\t\t\t\t<\/div>\n\t\t\t\t<\/div>\n\t\t<div class=\"elementor-element elementor-element-f2d86be e-con-full e-flex e-con e-child\" data-id=\"f2d86be\" data-element_type=\"container\">\n\t\t<div class=\"elementor-element elementor-element-8f0dd5b e-con-full e-flex e-con e-child\" data-id=\"8f0dd5b\" data-element_type=\"container\">\n\t\t<div class=\"elementor-element elementor-element-29656aa e-con-full e-flex e-con e-child\" data-id=\"29656aa\" data-element_type=\"container\">\n\t\t\t\t<div class=\"elementor-element elementor-element-b015bc2 elementor-widget__width-initial elementor-widget elementor-widget-image\" data-id=\"b015bc2\" data-element_type=\"widget\" data-widget_type=\"image.default\">\n\t\t\t\t<div class=\"elementor-widget-container\">\n\t\t\t\t\t\t\t\t\t\t\t\t\t\t\t<img loading=\"lazy\" decoding=\"async\" width=\"800\" height=\"800\" src=\"https:\/\/altanatura.be\/wp-content\/uploads\/2025\/03\/Progetto-senza-titolo-6-1024x1024.png\" class=\"attachment-large size-large wp-image-3462\" alt=\"\" srcset=\"https:\/\/altanatura.be\/wp-content\/uploads\/2025\/03\/Progetto-senza-titolo-6-1024x1024.png 1024w, https:\/\/altanatura.be\/wp-content\/uploads\/2025\/03\/Progetto-senza-titolo-6-100x100.png 100w, https:\/\/altanatura.be\/wp-content\/uploads\/2025\/03\/Progetto-senza-titolo-6-500x500.png 500w, https:\/\/altanatura.be\/wp-content\/uploads\/2025\/03\/Progetto-senza-titolo-6-300x300.png 300w, https:\/\/altanatura.be\/wp-content\/uploads\/2025\/03\/Progetto-senza-titolo-6-150x150.png 150w, https:\/\/altanatura.be\/wp-content\/uploads\/2025\/03\/Progetto-senza-titolo-6-768x768.png 768w, https:\/\/altanatura.be\/wp-content\/uploads\/2025\/03\/Progetto-senza-titolo-6.png 1080w\" sizes=\"(max-width: 800px) 100vw, 800px\" \/>\t\t\t\t\t\t\t\t\t\t\t\t\t\t\t<\/div>\n\t\t\t\t<\/div>\n\t\t\t\t<\/div>\n\t\t<div class=\"elementor-element elementor-element-709d93d e-con-full e-flex e-con e-child\" data-id=\"709d93d\" data-element_type=\"container\">\n\t\t\t\t<div class=\"elementor-element elementor-element-282b0dd elementor-widget elementor-widget-heading\" data-id=\"282b0dd\" data-element_type=\"widget\" data-widget_type=\"heading.default\">\n\t\t\t\t<div class=\"elementor-widget-container\">\n\t\t\t\t\t<h2 class=\"elementor-heading-title elementor-size-default\">Contenuto alcolico: 14,5%<\/h2>\t\t\t\t<\/div>\n\t\t\t\t<\/div>\n\t\t\t\t<\/div>\n\t\t\t\t<\/div>\n\t\t<div class=\"elementor-element elementor-element-0f9d0ca e-con-full e-flex e-con e-child\" data-id=\"0f9d0ca\" data-element_type=\"container\">\n\t\t<div class=\"elementor-element elementor-element-04aee64 e-con-full e-flex e-con e-child\" data-id=\"04aee64\" data-element_type=\"container\">\n\t\t\t\t<div class=\"elementor-element elementor-element-ce74258 elementor-widget__width-initial elementor-widget elementor-widget-image\" data-id=\"ce74258\" data-element_type=\"widget\" data-widget_type=\"image.default\">\n\t\t\t\t<div class=\"elementor-widget-container\">\n\t\t\t\t\t\t\t\t\t\t\t\t\t\t\t<img loading=\"lazy\" decoding=\"async\" width=\"800\" height=\"800\" src=\"https:\/\/altanatura.be\/wp-content\/uploads\/2025\/03\/Progetto-senza-titolo-12-1024x1024.png\" class=\"attachment-large size-large wp-image-3469\" alt=\"\" srcset=\"https:\/\/altanatura.be\/wp-content\/uploads\/2025\/03\/Progetto-senza-titolo-12-1024x1024.png 1024w, https:\/\/altanatura.be\/wp-content\/uploads\/2025\/03\/Progetto-senza-titolo-12-100x100.png 100w, https:\/\/altanatura.be\/wp-content\/uploads\/2025\/03\/Progetto-senza-titolo-12-500x500.png 500w, https:\/\/altanatura.be\/wp-content\/uploads\/2025\/03\/Progetto-senza-titolo-12-300x300.png 300w, https:\/\/altanatura.be\/wp-content\/uploads\/2025\/03\/Progetto-senza-titolo-12-150x150.png 150w, https:\/\/altanatura.be\/wp-content\/uploads\/2025\/03\/Progetto-senza-titolo-12-768x768.png 768w, https:\/\/altanatura.be\/wp-content\/uploads\/2025\/03\/Progetto-senza-titolo-12.png 1080w\" sizes=\"(max-width: 800px) 100vw, 800px\" \/>\t\t\t\t\t\t\t\t\t\t\t\t\t\t\t<\/div>\n\t\t\t\t<\/div>\n\t\t\t\t<\/div>\n\t\t<div class=\"elementor-element elementor-element-98b078a e-con-full e-flex e-con e-child\" data-id=\"98b078a\" data-element_type=\"container\">\n\t\t\t\t<div class=\"elementor-element elementor-element-c647b72 elementor-widget elementor-widget-heading\" data-id=\"c647b72\" data-element_type=\"widget\" data-widget_type=\"heading.default\">\n\t\t\t\t<div class=\"elementor-widget-container\">\n\t\t\t\t\t<h2 class=\"elementor-heading-title elementor-size-default\">Affinamento: 43M in barili<\/h2>\t\t\t\t<\/div>\n\t\t\t\t<\/div>\n\t\t\t\t<\/div>\n\t\t\t\t<\/div>\n\t\t<div class=\"elementor-element elementor-element-03bf7ab e-con-full e-flex e-con e-child\" data-id=\"03bf7ab\" data-element_type=\"container\">\n\t\t<div class=\"elementor-element elementor-element-a72982c e-con-full e-flex e-con e-child\" data-id=\"a72982c\" data-element_type=\"container\">\n\t\t\t\t<div class=\"elementor-element elementor-element-d84daaf elementor-widget__width-initial elementor-widget elementor-widget-image\" data-id=\"d84daaf\" data-element_type=\"widget\" data-widget_type=\"image.default\">\n\t\t\t\t<div class=\"elementor-widget-container\">\n\t\t\t\t\t\t\t\t\t\t\t\t\t\t\t<img loading=\"lazy\" decoding=\"async\" width=\"800\" height=\"800\" src=\"https:\/\/altanatura.be\/wp-content\/uploads\/2025\/03\/3-2-1024x1024.png\" class=\"attachment-large size-large wp-image-3457\" alt=\"\" srcset=\"https:\/\/altanatura.be\/wp-content\/uploads\/2025\/03\/3-2-1024x1024.png 1024w, https:\/\/altanatura.be\/wp-content\/uploads\/2025\/03\/3-2-100x100.png 100w, https:\/\/altanatura.be\/wp-content\/uploads\/2025\/03\/3-2-500x500.png 500w, https:\/\/altanatura.be\/wp-content\/uploads\/2025\/03\/3-2-300x300.png 300w, https:\/\/altanatura.be\/wp-content\/uploads\/2025\/03\/3-2-150x150.png 150w, https:\/\/altanatura.be\/wp-content\/uploads\/2025\/03\/3-2-768x768.png 768w, https:\/\/altanatura.be\/wp-content\/uploads\/2025\/03\/3-2.png 1080w\" sizes=\"(max-width: 800px) 100vw, 800px\" \/>\t\t\t\t\t\t\t\t\t\t\t\t\t\t\t<\/div>\n\t\t\t\t<\/div>\n\t\t\t\t<\/div>\n\t\t<div class=\"elementor-element elementor-element-ae2fe1a e-con-full e-flex e-con e-child\" data-id=\"ae2fe1a\" data-element_type=\"container\">\n\t\t\t\t<div class=\"elementor-element elementor-element-01842ae elementor-widget elementor-widget-heading\" data-id=\"01842ae\" data-element_type=\"widget\" data-widget_type=\"heading.default\">\n\t\t\t\t<div class=\"elementor-widget-container\">\n\t\t\t\t\t<h2 class=\"elementor-heading-title elementor-size-default\">Quantit\u00e0: 75 cl<\/h2>\t\t\t\t<\/div>\n\t\t\t\t<\/div>\n\t\t\t\t<\/div>\n\t\t\t\t<\/div>\n\t\t\t\t<\/div>\n\t\t<div class=\"elementor-element elementor-element-09cc534 e-con-full e-flex e-con e-child\" data-id=\"09cc534\" data-element_type=\"container\">\n\t\t<div class=\"elementor-element elementor-element-eacec3c e-con-full e-flex e-con e-child\" data-id=\"eacec3c\" data-element_type=\"container\">\n\t\t<div class=\"elementor-element elementor-element-cc57845 e-con-full e-flex e-con e-child\" data-id=\"cc57845\" data-element_type=\"container\">\n\t\t\t\t<div class=\"elementor-element elementor-element-040f064 elementor-widget__width-initial elementor-widget elementor-widget-image\" data-id=\"040f064\" data-element_type=\"widget\" data-widget_type=\"image.default\">\n\t\t\t\t<div class=\"elementor-widget-container\">\n\t\t\t\t\t\t\t\t\t\t\t\t\t\t\t<img loading=\"lazy\" decoding=\"async\" width=\"800\" height=\"800\" src=\"https:\/\/altanatura.be\/wp-content\/uploads\/2025\/03\/Annata-1024x1024.png\" class=\"attachment-large size-large wp-image-5062\" alt=\"\" srcset=\"https:\/\/altanatura.be\/wp-content\/uploads\/2025\/03\/Annata-1024x1024.png 1024w, https:\/\/altanatura.be\/wp-content\/uploads\/2025\/03\/Annata-100x100.png 100w, https:\/\/altanatura.be\/wp-content\/uploads\/2025\/03\/Annata-500x500.png 500w, https:\/\/altanatura.be\/wp-content\/uploads\/2025\/03\/Annata-300x300.png 300w, https:\/\/altanatura.be\/wp-content\/uploads\/2025\/03\/Annata-150x150.png 150w, https:\/\/altanatura.be\/wp-content\/uploads\/2025\/03\/Annata-768x768.png 768w, https:\/\/altanatura.be\/wp-content\/uploads\/2025\/03\/Annata.png 1080w\" sizes=\"(max-width: 800px) 100vw, 800px\" \/>\t\t\t\t\t\t\t\t\t\t\t\t\t\t\t<\/div>\n\t\t\t\t<\/div>\n\t\t\t\t<\/div>\n\t\t<div class=\"elementor-element elementor-element-8f683c8 e-con-full e-flex e-con e-child\" data-id=\"8f683c8\" data-element_type=\"container\">\n\t\t\t\t<div class=\"elementor-element elementor-element-87d2a61 elementor-widget elementor-widget-heading\" data-id=\"87d2a61\" data-element_type=\"widget\" data-widget_type=\"heading.default\">\n\t\t\t\t<div class=\"elementor-widget-container\">\n\t\t\t\t\t<h2 class=\"elementor-heading-title elementor-size-default\">Annata: 2012<\/h2>\t\t\t\t<\/div>\n\t\t\t\t<\/div>\n\t\t\t\t<\/div>\n\t\t\t\t<\/div>\n\t\t<div class=\"elementor-element elementor-element-97a5b33 e-con-full e-flex e-con e-child\" data-id=\"97a5b33\" data-element_type=\"container\">\n\t\t<div class=\"elementor-element elementor-element-d2a8918 e-con-full e-flex e-con e-child\" data-id=\"d2a8918\" data-element_type=\"container\">\n\t\t\t\t<\/div>\n\t\t<div class=\"elementor-element elementor-element-d86e713 e-con-full e-flex e-con e-child\" data-id=\"d86e713\" data-element_type=\"container\">\n\t\t\t\t<\/div>\n\t\t\t\t<\/div>\n\t\t<div class=\"elementor-element elementor-element-6980ecc e-con-full e-flex e-con e-child\" data-id=\"6980ecc\" data-element_type=\"container\">\n\t\t<div class=\"elementor-element elementor-element-d3d2e4c e-con-full e-flex e-con e-child\" data-id=\"d3d2e4c\" data-element_type=\"container\">\n\t\t\t\t<\/div>\n\t\t<div class=\"elementor-element elementor-element-e01a66b e-con-full e-flex e-con e-child\" data-id=\"e01a66b\" data-element_type=\"container\">\n\t\t\t\t<\/div>\n\t\t\t\t<\/div>\n\t\t\t\t<\/div>\n\t\t\t\t<\/div>\n\t\t\t\t<\/div>\n\t\t","protected":false},"excerpt":{"rendered":"<p>Fondata nel 1971 da Giovanni Neri, che con grande visione e passione intu\u00ec le grandi potenzialit\u00e0 del territorio vinicolo di Montalcino. Nel 1991 \u00e8 passata nelle mani del figlio Giacomo. La produzione \u00e8 iniziata a est di Montalcino e da allora si \u00e8 estesa ad altre localit\u00e0. Il vigneto Cerretalto segue quelli di Le Cetine, [&hellip;]<\/p>\n","protected":false},"featured_media":3877,"template":"","meta":{"_acf_changed":false},"product_brand":[57],"product_cat":[77,24],"product_tag":[],"class_list":{"0":"post-3874","1":"product","2":"type-product","3":"status-publish","4":"has-post-thumbnail","6":"product_brand-casanova-di-neri","7":"product_cat-vini","8":"product_cat-vino-rosso","9":"pa_regioni-toscana","11":"first","12":"instock","13":"taxable","14":"shipping-taxable","15":"purchasable","16":"product-type-simple"},"acf":[],"aioseo_notices":[],"_links":{"self":[{"href":"https:\/\/altanatura.be\/it\/wp-json\/wp\/v2\/product\/3874","targetHints":{"allow":["GET"]}}],"collection":[{"href":"https:\/\/altanatura.be\/it\/wp-json\/wp\/v2\/product"}],"about":[{"href":"https:\/\/altanatura.be\/it\/wp-json\/wp\/v2\/types\/product"}],"version-history":[{"count":0,"href":"https:\/\/altanatura.be\/it\/wp-json\/wp\/v2\/product\/3874\/revisions"}],"wp:featuredmedia":[{"embeddable":true,"href":"https:\/\/altanatura.be\/it\/wp-json\/wp\/v2\/media\/3877"}],"wp:attachment":[{"href":"https:\/\/altanatura.be\/it\/wp-json\/wp\/v2\/media?parent=3874"}],"wp:term":[{"taxonomy":"product_brand","embeddable":true,"href":"https:\/\/altanatura.be\/it\/wp-json\/wp\/v2\/product_brand?post=3874"},{"taxonomy":"product_cat","embeddable":true,"href":"https:\/\/altanatura.be\/it\/wp-json\/wp\/v2\/product_cat?post=3874"},{"taxonomy":"product_tag","embeddable":true,"href":"https:\/\/altanatura.be\/it\/wp-json\/wp\/v2\/product_tag?post=3874"}],"curies":[{"name":"wp","href":"https:\/\/api.w.org\/{rel}","templated":true}]}}