{"id":9207,"date":"2025-04-09T19:44:21","date_gmt":"2025-04-09T19:44:21","guid":{"rendered":"https:\/\/altanatura.be\/tenute-lombardo\/"},"modified":"2025-05-06T15:24:29","modified_gmt":"2025-05-06T15:24:29","slug":"tenute-lombardo","status":"publish","type":"page","link":"https:\/\/altanatura.be\/nl\/wijnen\/tenute-lombardo\/","title":{"rendered":"Tenute Lombardo"},"content":{"rendered":"\t\t<div data-elementor-type=\"wp-page\" data-elementor-id=\"9207\" class=\"elementor elementor-9207 elementor-8065\" data-elementor-post-type=\"page\">\n\t\t\t\t<div class=\"elementor-element elementor-element-0a7cf83 e-con-full e-flex e-con e-parent\" data-id=\"0a7cf83\" data-element_type=\"container\" data-settings=\"{&quot;background_background&quot;:&quot;classic&quot;}\">\n\t\t\t\t<div class=\"elementor-element elementor-element-ac23f53 elementor-arrows-position-inside elementor-widget elementor-widget-n-carousel\" data-id=\"ac23f53\" data-element_type=\"widget\" data-settings=\"{&quot;carousel_items&quot;:[{&quot;slide_title&quot;:&quot;Slide #1&quot;,&quot;_id&quot;:&quot;351b437&quot;},{&quot;slide_title&quot;:&quot;Slide #1&quot;,&quot;_id&quot;:&quot;1f2b030&quot;}],&quot;slides_to_show&quot;:&quot;1&quot;,&quot;slides_to_show_tablet&quot;:&quot;1&quot;,&quot;slides_to_show_mobile&quot;:&quot;1&quot;,&quot;autoplay&quot;:&quot;yes&quot;,&quot;autoplay_speed&quot;:5000,&quot;pause_on_hover&quot;:&quot;yes&quot;,&quot;pause_on_interaction&quot;:&quot;yes&quot;,&quot;infinite&quot;:&quot;yes&quot;,&quot;speed&quot;:500,&quot;offset_sides&quot;:&quot;none&quot;,&quot;arrows&quot;:&quot;yes&quot;,&quot;image_spacing_custom&quot;:{&quot;unit&quot;:&quot;px&quot;,&quot;size&quot;:10,&quot;sizes&quot;:[]},&quot;image_spacing_custom_tablet&quot;:{&quot;unit&quot;:&quot;px&quot;,&quot;size&quot;:&quot;&quot;,&quot;sizes&quot;:[]},&quot;image_spacing_custom_mobile&quot;:{&quot;unit&quot;:&quot;px&quot;,&quot;size&quot;:&quot;&quot;,&quot;sizes&quot;:[]}}\" data-widget_type=\"nested-carousel.default\">\n\t\t\t\t<div class=\"elementor-widget-container\">\n\t\t\t\t\t\t\t<div class=\"e-n-carousel swiper\" role=\"region\" aria-roledescription=\"carousel\" aria-label=\"Carosello\" dir=\"ltr\">\n\t\t\t<div class=\"swiper-wrapper\" aria-live=\"off\">\n\t\t\t\t\t\t\t\t\t\t<div class=\"swiper-slide\" data-slide=\"1\" role=\"group\" aria-roledescription=\"slide\" aria-label=\"1 van 2\">\n\t\t\t\t\t\t\t<div class=\"elementor-element elementor-element-59ffe9d e-con-full e-flex e-con e-child\" data-id=\"59ffe9d\" data-element_type=\"container\">\n\t\t\t\t<div class=\"elementor-element elementor-element-1b2f43d elementor-widget elementor-widget-image\" data-id=\"1b2f43d\" data-element_type=\"widget\" data-widget_type=\"image.default\">\n\t\t\t\t<div class=\"elementor-widget-container\">\n\t\t\t\t\t\t\t\t\t\t\t\t\t\t\t<img fetchpriority=\"high\" decoding=\"async\" width=\"2560\" height=\"1320\" src=\"https:\/\/altanatura.be\/wp-content\/uploads\/2025\/04\/vins-15408-scaled.jpg\" class=\"attachment-full size-full wp-image-7608\" alt=\"\" srcset=\"https:\/\/altanatura.be\/wp-content\/uploads\/2025\/04\/vins-15408-scaled.jpg 2560w, https:\/\/altanatura.be\/wp-content\/uploads\/2025\/04\/vins-15408-scaled-1080x557.jpg 1080w, https:\/\/altanatura.be\/wp-content\/uploads\/2025\/04\/vins-15408-300x155.jpg 300w, https:\/\/altanatura.be\/wp-content\/uploads\/2025\/04\/vins-15408-1024x528.jpg 1024w, https:\/\/altanatura.be\/wp-content\/uploads\/2025\/04\/vins-15408-768x396.jpg 768w, https:\/\/altanatura.be\/wp-content\/uploads\/2025\/04\/vins-15408-1536x792.jpg 1536w, https:\/\/altanatura.be\/wp-content\/uploads\/2025\/04\/vins-15408-2048x1056.jpg 2048w\" sizes=\"(max-width: 2560px) 100vw, 2560px\" \/>\t\t\t\t\t\t\t\t\t\t\t\t\t\t\t<\/div>\n\t\t\t\t<\/div>\n\t\t\t\t<\/div>\n\t\t\t\t\t\t\t\t<\/div>\n\t\t\t\t\t\t\t\t\t\t\t<div class=\"swiper-slide\" data-slide=\"2\" role=\"group\" aria-roledescription=\"slide\" aria-label=\"2 van 2\">\n\t\t\t\t\t\t\t<div class=\"elementor-element elementor-element-b8b47ff e-con-full e-flex e-con e-child\" data-id=\"b8b47ff\" data-element_type=\"container\">\n\t\t\t\t<div class=\"elementor-element elementor-element-41bf01c elementor-widget elementor-widget-image\" data-id=\"41bf01c\" data-element_type=\"widget\" data-widget_type=\"image.default\">\n\t\t\t\t<div class=\"elementor-widget-container\">\n\t\t\t\t\t\t\t\t\t\t\t\t\t\t\t<img decoding=\"async\" width=\"2560\" height=\"1320\" src=\"https:\/\/altanatura.be\/wp-content\/uploads\/2025\/04\/vins-14865-scaled.jpg\" class=\"attachment-full size-full wp-image-7610\" alt=\"\" srcset=\"https:\/\/altanatura.be\/wp-content\/uploads\/2025\/04\/vins-14865-scaled.jpg 2560w, https:\/\/altanatura.be\/wp-content\/uploads\/2025\/04\/vins-14865-scaled-1080x557.jpg 1080w, https:\/\/altanatura.be\/wp-content\/uploads\/2025\/04\/vins-14865-300x155.jpg 300w, https:\/\/altanatura.be\/wp-content\/uploads\/2025\/04\/vins-14865-1024x528.jpg 1024w, https:\/\/altanatura.be\/wp-content\/uploads\/2025\/04\/vins-14865-768x396.jpg 768w, https:\/\/altanatura.be\/wp-content\/uploads\/2025\/04\/vins-14865-1536x792.jpg 1536w, https:\/\/altanatura.be\/wp-content\/uploads\/2025\/04\/vins-14865-2048x1056.jpg 2048w\" sizes=\"(max-width: 2560px) 100vw, 2560px\" \/>\t\t\t\t\t\t\t\t\t\t\t\t\t\t\t<\/div>\n\t\t\t\t<\/div>\n\t\t\t\t<\/div>\n\t\t\t\t\t\t\t\t<\/div>\n\t\t\t\t\t\t\t\t<\/div>\n\t\t<\/div>\n\t\t\t\t\t<div class=\"elementor-swiper-button elementor-swiper-button-prev\" role=\"button\" tabindex=\"0\" aria-label=\"Vorige\">\n\t\t\t\t<svg aria-hidden=\"true\" class=\"e-font-icon-svg e-eicon-chevron-left\" viewBox=\"0 0 1000 1000\" xmlns=\"http:\/\/www.w3.org\/2000\/svg\"><path d=\"M646 125C629 125 613 133 604 142L308 442C296 454 292 471 292 487 292 504 296 521 308 533L604 854C617 867 629 875 646 875 663 875 679 871 692 858 704 846 713 829 713 812 713 796 708 779 692 767L438 487 692 225C700 217 708 204 708 187 708 171 704 154 692 142 675 129 663 125 646 125Z\"><\/path><\/svg>\t\t\t<\/div>\n\t\t\t<div class=\"elementor-swiper-button elementor-swiper-button-next\" role=\"button\" tabindex=\"0\" aria-label=\"Volgende\">\n\t\t\t\t<svg aria-hidden=\"true\" class=\"e-font-icon-svg e-eicon-chevron-right\" viewBox=\"0 0 1000 1000\" xmlns=\"http:\/\/www.w3.org\/2000\/svg\"><path d=\"M696 533C708 521 713 504 713 487 713 471 708 454 696 446L400 146C388 133 375 125 354 125 338 125 325 129 313 142 300 154 292 171 292 187 292 204 296 221 308 233L563 492 304 771C292 783 288 800 288 817 288 833 296 850 308 863 321 871 338 875 354 875 371 875 388 867 400 854L696 533Z\"><\/path><\/svg>\t\t\t<\/div>\n\t\t\t\t\t\t<\/div>\n\t\t\t\t<\/div>\n\t\t\t\t<\/div>\n\t\t<div class=\"elementor-element elementor-element-753653c e-flex e-con-boxed e-con e-parent\" data-id=\"753653c\" data-element_type=\"container\">\n\t\t\t\t\t<div class=\"e-con-inner\">\n\t\t<div class=\"elementor-element elementor-element-5fedb43 e-con-full e-flex e-con e-child\" data-id=\"5fedb43\" data-element_type=\"container\">\n\t\t<div class=\"elementor-element elementor-element-e5f11b7 e-con-full e-flex e-con e-child\" data-id=\"e5f11b7\" data-element_type=\"container\">\n\t\t\t\t<div class=\"elementor-element elementor-element-cf62461 elementor-widget-mobile__width-initial elementor-widget elementor-widget-image\" data-id=\"cf62461\" data-element_type=\"widget\" data-widget_type=\"image.default\">\n\t\t\t\t<div class=\"elementor-widget-container\">\n\t\t\t\t\t\t\t\t\t\t\t\t\t\t\t<img decoding=\"async\" width=\"800\" height=\"1006\" src=\"https:\/\/altanatura.be\/wp-content\/uploads\/2025\/04\/sardegna-814x1024.jpg\" class=\"attachment-large size-large wp-image-7548\" alt=\"\" srcset=\"https:\/\/altanatura.be\/wp-content\/uploads\/2025\/04\/sardegna-814x1024.jpg 814w, https:\/\/altanatura.be\/wp-content\/uploads\/2025\/04\/sardegna-500x629.jpg 500w, https:\/\/altanatura.be\/wp-content\/uploads\/2025\/04\/sardegna-239x300.jpg 239w, https:\/\/altanatura.be\/wp-content\/uploads\/2025\/04\/sardegna-768x966.jpg 768w, https:\/\/altanatura.be\/wp-content\/uploads\/2025\/04\/sardegna.jpg 1018w\" sizes=\"(max-width: 800px) 100vw, 800px\" \/>\t\t\t\t\t\t\t\t\t\t\t\t\t\t\t<\/div>\n\t\t\t\t<\/div>\n\t\t\t\t<\/div>\n\t\t<div class=\"elementor-element elementor-element-dd1259f e-con-full e-flex e-con e-child\" data-id=\"dd1259f\" data-element_type=\"container\">\n\t\t\t\t<div class=\"elementor-element elementor-element-7b08af3 elementor-widget elementor-widget-hfe-breadcrumbs-widget\" data-id=\"7b08af3\" data-element_type=\"widget\" data-widget_type=\"hfe-breadcrumbs-widget.default\">\n\t\t\t\t<div class=\"elementor-widget-container\">\n\t\t\t\t\t<nav aria-label=\"Breadcrumb\"><ul class=\"hfe-breadcrumbs hfe-breadcrumbs-show-home\"><li class=\"hfe-breadcrumbs-item hfe-breadcrumbs-first\"><span class=\"hfe-breadcrumbs-home-icon\"><svg aria-hidden=\"true\" class=\"e-font-icon-svg e-fas-home\" viewBox=\"0 0 576 512\" xmlns=\"http:\/\/www.w3.org\/2000\/svg\"><path d=\"M280.37 148.26L96 300.11V464a16 16 0 0 0 16 16l112.06-.29a16 16 0 0 0 15.92-16V368a16 16 0 0 1 16-16h64a16 16 0 0 1 16 16v95.64a16 16 0 0 0 16 16.05L464 480a16 16 0 0 0 16-16V300L295.67 148.26a12.19 12.19 0 0 0-15.3 0zM571.6 251.47L488 182.56V44.05a12 12 0 0 0-12-12h-56a12 12 0 0 0-12 12v72.61L318.47 43a48 48 0 0 0-61 0L4.34 251.47a12 12 0 0 0-1.6 16.9l25.5 31A12 12 0 0 0 45.15 301l235.22-193.74a12.19 12.19 0 0 1 15.3 0L530.9 301a12 12 0 0 0 16.9-1.6l25.5-31a12 12 0 0 0-1.7-16.93z\"><\/path><\/svg><\/span><a href=\"https:\/\/altanatura.be\/nl\/\"><span class=\"hfe-breadcrumbs-text\">Home<\/span><\/a><\/li><\/ul><\/nav>\t\t\t\t<\/div>\n\t\t\t\t<\/div>\n\t\t\t\t<div class=\"elementor-element elementor-element-45896dc elementor-widget elementor-widget-heading\" data-id=\"45896dc\" data-element_type=\"widget\" data-widget_type=\"heading.default\">\n\t\t\t\t<div class=\"elementor-widget-container\">\n\t\t\t\t\t<h2 class=\"elementor-heading-title elementor-size-default\">TENUTE LOMBARDO wijnen<\/h2>\t\t\t\t<\/div>\n\t\t\t\t<\/div>\n\t\t\t\t<div class=\"elementor-element elementor-element-d1d6f9d elementor-widget elementor-widget-text-editor\" data-id=\"d1d6f9d\" data-element_type=\"widget\" data-widget_type=\"text-editor.default\">\n\t\t\t\t<div class=\"elementor-widget-container\">\n\t\t\t\t\t\t\t\t\t<article class=\"group\/turn w-full text-token-text-primary focus-visible:outline-2 focus-visible:outline-offset-[-4px]\" dir=\"auto\" tabindex=\"-1\" data-testid=\"conversation-turn-2\" data-scroll-anchor=\"true\"><div class=\"text-base my-auto mx-auto py-[18px] px-6\"><div class=\"mx-auto flex flex-1 text-base gap-4 md:gap-5 lg:gap-6 md:max-w-3xl lg:max-w-[40rem] xl:max-w-[48rem]\"><div class=\"group\/conversation-turn relative flex w-full min-w-0 flex-col agent-turn @xs\/thread:px-0 @sm\/thread:px-1.5 @md\/thread:px-4\"><div class=\"flex-col gap-1 md:gap-3\"><div class=\"flex max-w-full flex-col flex-grow\"><div class=\"min-h-8 text-message relative flex w-full flex-col items-end gap-2 whitespace-normal break-words text-start [.text-message+&amp;]:mt-5\" dir=\"auto\" data-message-author-role=\"assistant\" data-message-id=\"dfb1d65a-4e65-43a2-a9cd-8b43990b2bd6\" data-message-model-slug=\"o3-mini\"><div class=\"flex w-full flex-col gap-1 empty:hidden first:pt-[3px]\"><div class=\"markdown prose w-full break-words dark:prose-invert dark\"><div class=\"row\"><div class=\"col-xs-12 col-sm-12 col-md-12 paragraph_css block-1-large left title\"><p><span>Het Lombardo domein ligt in centraal Sicili\u00eb, in de terroirs Caltanissetta en San Cataldo, tussen 550 en 650 meter boven de zeespiegel. De kalkrijke bodem is ideaal voor het telen van fruit, met name druiven. De afstand tot de zee en de klimatologische omstandigheden hebben een grote invloed op de kwaliteit van de producten. Met name het grote temperatuurverschil tussen dag en nacht (meer dan 15\u00b0C) en de geringe neerslag (500-600 mm per jaar) zijn de belangrijkste factoren die nodig zijn voor de productie van frisse, fruitige wijnen met een intens, aanhoudend bouquet. Sinds de oprichting heeft de familie Lombardo altijd geloofd in het grote potentieel van de inheemse druivensoorten van Sicili\u00eb, met name Catarratto (de meest voorkomende witte druivensoort van Itali\u00eb) en Nero d&#8217;Avola (de meest voorkomende rode druivensoort van Sicili\u00eb). Nero d&#8217;Altura is een robijnrode wijn met paarse accenten. Hij heeft een heel fruitig aroma met toetsen van rood fruit (kersen, bramen).      <\/span><\/p><\/div><\/div><\/div><\/div><\/div><\/div><\/div><\/div><\/div><\/div><\/article>\t\t\t\t\t\t\t\t<\/div>\n\t\t\t\t<\/div>\n\t\t\t\t<\/div>\n\t\t\t\t<\/div>\n\t\t\t\t\t<\/div>\n\t\t\t\t<\/div>\n\t\t<div class=\"elementor-element elementor-element-3e06678 e-flex e-con-boxed e-con e-parent\" data-id=\"3e06678\" data-element_type=\"container\">\n\t\t\t\t\t<div class=\"e-con-inner\">\n\t\t\t\t<div class=\"elementor-element elementor-element-7c519ea elementor-widget elementor-widget-heading\" data-id=\"7c519ea\" data-element_type=\"widget\" data-widget_type=\"heading.default\">\n\t\t\t\t<div class=\"elementor-widget-container\">\n\t\t\t\t\t<h2 class=\"elementor-heading-title elementor-size-default\">Rode wijnen<\/h2>\t\t\t\t<\/div>\n\t\t\t\t<\/div>\n\t\t\t\t<div class=\"elementor-element elementor-element-dc13953 elementor-widget elementor-widget-heading\" data-id=\"dc13953\" data-element_type=\"widget\" data-widget_type=\"heading.default\">\n\t\t\t\t<div class=\"elementor-widget-container\">\n\t\t\t\t\t<h2 class=\"elementor-heading-title elementor-size-default\">Witte wijnen<\/h2>\t\t\t\t<\/div>\n\t\t\t\t<\/div>\n\t\t\t\t<div class=\"elementor-element elementor-element-93306c9 elementor-widget elementor-widget-menu-anchor\" data-id=\"93306c9\" data-element_type=\"widget\" data-widget_type=\"menu-anchor.default\">\n\t\t\t\t<div class=\"elementor-widget-container\">\n\t\t\t\t\t\t\t<div class=\"elementor-menu-anchor\" id=\"vini-bianchi\"><\/div>\n\t\t\t\t\t\t<\/div>\n\t\t\t\t<\/div>\n\t\t\t\t<div class=\"elementor-element elementor-element-3916aa9 elementor-widget elementor-widget-heading\" data-id=\"3916aa9\" data-element_type=\"widget\" data-widget_type=\"heading.default\">\n\t\t\t\t<div class=\"elementor-widget-container\">\n\t\t\t\t\t<h2 class=\"elementor-heading-title elementor-size-default\">Ros\u00e9 wijnen<\/h2>\t\t\t\t<\/div>\n\t\t\t\t<\/div>\n\t\t\t\t<div class=\"elementor-element elementor-element-86846ac elementor-widget elementor-widget-menu-anchor\" data-id=\"86846ac\" data-element_type=\"widget\" data-widget_type=\"menu-anchor.default\">\n\t\t\t\t<div class=\"elementor-widget-container\">\n\t\t\t\t\t\t\t<div class=\"elementor-menu-anchor\" id=\"vini-rosati\"><\/div>\n\t\t\t\t\t\t<\/div>\n\t\t\t\t<\/div>\n\t\t\t\t<div class=\"elementor-element elementor-element-e74469f elementor-widget elementor-widget-heading\" data-id=\"e74469f\" data-element_type=\"widget\" data-widget_type=\"heading.default\">\n\t\t\t\t<div class=\"elementor-widget-container\">\n\t\t\t\t\t<h2 class=\"elementor-heading-title elementor-size-default\">Zoete wijnen<\/h2>\t\t\t\t<\/div>\n\t\t\t\t<\/div>\n\t\t\t\t<div class=\"elementor-element elementor-element-c6951be elementor-widget elementor-widget-menu-anchor\" data-id=\"c6951be\" data-element_type=\"widget\" data-widget_type=\"menu-anchor.default\">\n\t\t\t\t<div class=\"elementor-widget-container\">\n\t\t\t\t\t\t\t<div class=\"elementor-menu-anchor\" id=\"vini-dolci\"><\/div>\n\t\t\t\t\t\t<\/div>\n\t\t\t\t<\/div>\n\t\t\t\t<div class=\"elementor-element elementor-element-0edbc16 elementor-widget elementor-widget-heading\" data-id=\"0edbc16\" data-element_type=\"widget\" data-widget_type=\"heading.default\">\n\t\t\t\t<div class=\"elementor-widget-container\">\n\t\t\t\t\t<h2 class=\"elementor-heading-title elementor-size-default\">Mousserende wijnen<\/h2>\t\t\t\t<\/div>\n\t\t\t\t<\/div>\n\t\t\t\t<div class=\"elementor-element elementor-element-1fc5000 elementor-widget elementor-widget-menu-anchor\" data-id=\"1fc5000\" data-element_type=\"widget\" data-widget_type=\"menu-anchor.default\">\n\t\t\t\t<div class=\"elementor-widget-container\">\n\t\t\t\t\t\t\t<div class=\"elementor-menu-anchor\" id=\"vini-frizzanti\"><\/div>\n\t\t\t\t\t\t<\/div>\n\t\t\t\t<\/div>\n\t\t\t\t\t<\/div>\n\t\t\t\t<\/div>\n\t\t\t\t<\/div>\n\t\t","protected":false},"excerpt":{"rendered":"<p>Home TENUTE LOMBARDO wijnen Het Lombardo domein ligt in centraal Sicili\u00eb, in de terroirs Caltanissetta en San Cataldo, tussen 550 en 650 meter boven de zeespiegel. De kalkrijke bodem is ideaal voor het telen van fruit, met name druiven. De afstand tot de zee en de klimatologische omstandigheden hebben een grote invloed op de kwaliteit [&hellip;]<\/p>\n","protected":false},"author":1,"featured_media":0,"parent":9219,"menu_order":0,"comment_status":"closed","ping_status":"closed","template":"elementor_header_footer","meta":{"_acf_changed":false,"footnotes":""},"class_list":["post-9207","page","type-page","status-publish","hentry"],"acf":[],"aioseo_notices":[],"_links":{"self":[{"href":"https:\/\/altanatura.be\/nl\/wp-json\/wp\/v2\/pages\/9207","targetHints":{"allow":["GET"]}}],"collection":[{"href":"https:\/\/altanatura.be\/nl\/wp-json\/wp\/v2\/pages"}],"about":[{"href":"https:\/\/altanatura.be\/nl\/wp-json\/wp\/v2\/types\/page"}],"author":[{"embeddable":true,"href":"https:\/\/altanatura.be\/nl\/wp-json\/wp\/v2\/users\/1"}],"replies":[{"embeddable":true,"href":"https:\/\/altanatura.be\/nl\/wp-json\/wp\/v2\/comments?post=9207"}],"version-history":[{"count":4,"href":"https:\/\/altanatura.be\/nl\/wp-json\/wp\/v2\/pages\/9207\/revisions"}],"predecessor-version":[{"id":9564,"href":"https:\/\/altanatura.be\/nl\/wp-json\/wp\/v2\/pages\/9207\/revisions\/9564"}],"up":[{"embeddable":true,"href":"https:\/\/altanatura.be\/nl\/wp-json\/wp\/v2\/pages\/9219"}],"wp:attachment":[{"href":"https:\/\/altanatura.be\/nl\/wp-json\/wp\/v2\/media?parent=9207"}],"curies":[{"name":"wp","href":"https:\/\/api.w.org\/{rel}","templated":true}]}}